{"id":143,"date":"2022-12-14T13:07:59","date_gmt":"2022-12-14T11:07:59","guid":{"rendered":"https:\/\/fce.putput.cat\/?page_id=143"},"modified":"2025-10-22T17:29:25","modified_gmt":"2025-10-22T15:29:25","slug":"jurat-seleccio","status":"publish","type":"page","link":"https:\/\/bcnsportsfilm.org\/ca\/jurat-seleccio\/","title":{"rendered":"Jurat de selecci\u00f3"},"content":{"rendered":"\t\t<div data-elementor-type=\"wp-page\" data-elementor-id=\"143\" class=\"elementor elementor-143\" data-elementor-post-type=\"page\">\n\t\t\t\t\t\t<section class=\"elementor-section elementor-top-section elementor-element elementor-element-80792ff elementor-section-boxed elementor-section-height-default elementor-section-height-default qodef-elementor-content-no\" data-id=\"80792ff\" data-element_type=\"section\">\n\t\t\t\t\t\t<div class=\"elementor-container elementor-column-gap-default\">\n\t\t\t\t\t<div class=\"elementor-column elementor-col-100 elementor-top-column elementor-element elementor-element-039fcbd\" data-id=\"039fcbd\" data-element_type=\"column\">\n\t\t\t<div class=\"elementor-widget-wrap elementor-element-populated\">\n\t\t\t\t\t\t<div class=\"elementor-element elementor-element-ca0127e elementor-widget elementor-widget-heading\" data-id=\"ca0127e\" data-element_type=\"widget\" data-widget_type=\"heading.default\">\n\t\t\t\t<div class=\"elementor-widget-container\">\n\t\t\t\t\t<h2 class=\"elementor-heading-title elementor-size-default\">Jurat de Selecci\u00f3\u200b<\/h2>\t\t\t\t<\/div>\n\t\t\t\t<\/div>\n\t\t\t\t\t<\/div>\n\t\t<\/div>\n\t\t\t\t\t<\/div>\n\t\t<\/section>\n\t\t\t\t<section class=\"elementor-section elementor-top-section elementor-element elementor-element-afa5cea elementor-section-boxed elementor-section-height-default elementor-section-height-default qodef-elementor-content-no\" data-id=\"afa5cea\" data-element_type=\"section\">\n\t\t\t\t\t\t<div class=\"elementor-container elementor-column-gap-default\">\n\t\t\t\t\t<div class=\"elementor-column elementor-col-100 elementor-top-column elementor-element elementor-element-505095d\" data-id=\"505095d\" data-element_type=\"column\">\n\t\t\t<div class=\"elementor-widget-wrap elementor-element-populated\">\n\t\t\t\t\t\t<div class=\"elementor-element elementor-element-8d61abc elementor-position-left elementor-vertical-align-top elementor-widget elementor-widget-image-box\" data-id=\"8d61abc\" data-element_type=\"widget\" data-widget_type=\"image-box.default\">\n\t\t\t\t<div class=\"elementor-widget-container\">\n\t\t\t\t\t<div class=\"elementor-image-box-wrapper\"><figure class=\"elementor-image-box-img\"><img fetchpriority=\"high\" decoding=\"async\" width=\"1483\" height=\"1558\" src=\"https:\/\/bcnsportsfilm.org\/wp-content\/uploads\/2025\/10\/Mireia-Vicente-1-1.jpg\" class=\"attachment-full size-full wp-image-49263\" alt=\"\" \/><\/figure><div class=\"elementor-image-box-content\"><div class=\"elementor-image-box-title\">Mireia Vicente<\/div><p class=\"elementor-image-box-description\">Mireia Vicente \u00e9s redactora d\u2019esports de TV3. Com a periodista, ha cobert nombrosos esdeveniments esportius, entre els m\u00e9s destacats: tres Jocs Ol\u00edmpics i diversos campionats mundials. \u00c9s directora dels programes de televisi\u00f3 Campiones, Capacitats i Actius. Durant la seva traject\u00f2ria ha sigut guardonada amb el Premi Periodista Esportiu dels Premis L\u00edders de l\u2019Esport Catal\u00e0 2018, i el Premi al mitj\u00e0 de comunicaci\u00f3 del Premi Dona i Esport 2019\u2033<\/p><\/div><\/div>\t\t\t\t<\/div>\n\t\t\t\t<\/div>\n\t\t\t\t<div class=\"elementor-element elementor-element-5978f1b elementor-position-left elementor-vertical-align-top elementor-widget elementor-widget-image-box\" data-id=\"5978f1b\" data-element_type=\"widget\" data-widget_type=\"image-box.default\">\n\t\t\t\t<div class=\"elementor-widget-container\">\n\t\t\t\t\t<div class=\"elementor-image-box-wrapper\"><figure class=\"elementor-image-box-img\"><img decoding=\"async\" width=\"580\" height=\"580\" src=\"https:\/\/bcnsportsfilm.org\/wp-content\/uploads\/2022\/12\/bcf_jurado-agusti_argelich.jpg\" class=\"attachment-full size-full wp-image-145\" alt=\"Agust\u00ed Argelich\" \/><\/figure><div class=\"elementor-image-box-content\"><div class=\"elementor-image-box-title\">Agust\u00ed Argelich<\/div><p class=\"elementor-image-box-description\">Director art\u00edstic i programador dels festivals BCN Sports Film, Ficvi Fest i Festival Internacional de Cinema de Reus - Memorimage. Responsable de Relacions Internacionals i Continguts Globals del Cerdanya Film Festival. Comissari i programador de Subtravelling. Exdirector art\u00edstic i cofundador del Festival Filmets, va ser coordinador de coproduccions documentals, director del programa El Documental a TV3 i productor dels programes Cinema 3, Sala 33 i Curtcircuit 33 de 3Cat.<\/p><\/div><\/div>\t\t\t\t<\/div>\n\t\t\t\t<\/div>\n\t\t\t\t<div class=\"elementor-element elementor-element-33aac19 elementor-position-left elementor-vertical-align-top elementor-widget elementor-widget-image-box\" data-id=\"33aac19\" data-element_type=\"widget\" data-widget_type=\"image-box.default\">\n\t\t\t\t<div class=\"elementor-widget-container\">\n\t\t\t\t\t<div class=\"elementor-image-box-wrapper\"><figure class=\"elementor-image-box-img\"><img decoding=\"async\" width=\"260\" height=\"260\" src=\"https:\/\/bcnsportsfilm.org\/wp-content\/uploads\/2022\/12\/bcf_jurado-joan_manuel_surroca.jpg\" class=\"attachment-full size-full wp-image-169\" alt=\"Joan Manuel Surroca\" \/><\/figure><div class=\"elementor-image-box-content\"><div class=\"elementor-image-box-title\">Joan Manuel Surroca<\/div><p class=\"elementor-image-box-description\">Periodista esportiu i estret col\u00b7laborador de la Fundaci\u00f3 Barcelona Ol\u00edmpica. Ha estat responsable del servei d\u2019esport de RNE a Catalunya i ha participat, com a periodista, en els principals esdeveniments esportius, especialment els JJOO de Barcelona i Sydney.<\/p><\/div><\/div>\t\t\t\t<\/div>\n\t\t\t\t<\/div>\n\t\t\t\t<div class=\"elementor-element elementor-element-79a5e2f elementor-position-left elementor-vertical-align-top elementor-widget elementor-widget-image-box\" data-id=\"79a5e2f\" data-element_type=\"widget\" data-widget_type=\"image-box.default\">\n\t\t\t\t<div class=\"elementor-widget-container\">\n\t\t\t\t\t<div class=\"elementor-image-box-wrapper\"><figure class=\"elementor-image-box-img\"><img loading=\"lazy\" decoding=\"async\" width=\"260\" height=\"260\" src=\"https:\/\/bcnsportsfilm.org\/wp-content\/uploads\/2022\/12\/bcf_jurado-julio_pernas.jpg\" class=\"attachment-full size-full wp-image-157\" alt=\"Juli Pernas\" \/><\/figure><div class=\"elementor-image-box-content\"><div class=\"elementor-image-box-title\">Juli Pernas<\/div><p class=\"elementor-image-box-description\">Llicenciat en filosofia i lletres, la seva traject\u00f2ria professional ha estat fortament relacionada amb la gesti\u00f3 esportiva. Entre els anys 2010 i 2020 ha estat director de la Fundaci\u00f3 Barcelona Ol\u00edmpica.<\/p><\/div><\/div>\t\t\t\t<\/div>\n\t\t\t\t<\/div>\n\t\t\t\t\t<\/div>\n\t\t<\/div>\n\t\t\t\t\t<\/div>\n\t\t<\/section>\n\t\t\t\t<\/div>\n\t\t","protected":false},"excerpt":{"rendered":"<p>Jurat de Selecci\u00f3\u200b Mireia Vicente Mireia Vicente \u00e9s redactora d\u2019esports de TV3. Com a periodista, ha cobert nombrosos esdeveniments esportius, entre els m\u00e9s destacats: tres Jocs Ol\u00edmpics i diversos campionats mundials. \u00c9s directora dels programes de televisi\u00f3 Campiones, Capacitats i Actius. Durant la seva traject\u00f2ria ha sigut guardonada amb el Premi Periodista Esportiu dels Premis [&hellip;]<\/p>\n","protected":false},"author":1,"featured_media":0,"parent":0,"menu_order":50,"comment_status":"closed","ping_status":"closed","template":"page-full-width.php","meta":{"_acf_changed":false,"footnotes":""},"class_list":["post-143","page","type-page","status-publish","hentry"],"acf":[],"yoast_head":"<!-- This site is optimized with the Yoast SEO plugin v24.1 - https:\/\/yoast.com\/wordpress\/plugins\/seo\/ -->\n<title>Jurat de selecci\u00f3 - BCN SPORTS FILM 2027<\/title>\n<meta name=\"robots\" content=\"index, follow, max-snippet:-1, max-image-preview:large, max-video-preview:-1\" \/>\n<link rel=\"canonical\" href=\"https:\/\/bcnsportsfilm.org\/ca\/jurat-seleccio\/\" \/>\n<meta property=\"og:locale\" content=\"ca_ES\" \/>\n<meta property=\"og:type\" content=\"article\" \/>\n<meta property=\"og:title\" content=\"Jurat de selecci\u00f3 - BCN SPORTS FILM 2027\" \/>\n<meta property=\"og:description\" content=\"Jurat de Selecci\u00f3\u200b Mireia Vicente Mireia Vicente \u00e9s redactora d\u2019esports de TV3. Com a periodista, ha cobert nombrosos esdeveniments esportius, entre els m\u00e9s destacats: tres Jocs Ol\u00edmpics i diversos campionats mundials. \u00c9s directora dels programes de televisi\u00f3 Campiones, Capacitats i Actius. Durant la seva traject\u00f2ria ha sigut guardonada amb el Premi Periodista Esportiu dels Premis [&hellip;]\" \/>\n<meta property=\"og:url\" content=\"https:\/\/bcnsportsfilm.org\/ca\/jurat-seleccio\/\" \/>\n<meta property=\"og:site_name\" content=\"BCN SPORTS FILM 2027\" \/>\n<meta property=\"article:publisher\" content=\"https:\/\/www.facebook.com\/bcnsportsfilm\" \/>\n<meta property=\"article:modified_time\" content=\"2025-10-22T15:29:25+00:00\" \/>\n<meta property=\"og:image\" content=\"https:\/\/bcnsportsfilm.org\/wp-content\/uploads\/2025\/10\/Mireia-Vicente-1-1.jpg\" \/>\n\t<meta property=\"og:image:width\" content=\"1483\" \/>\n\t<meta property=\"og:image:height\" content=\"1558\" \/>\n\t<meta property=\"og:image:type\" content=\"image\/jpeg\" \/>\n<meta name=\"twitter:card\" content=\"summary_large_image\" \/>\n<meta name=\"twitter:site\" content=\"@bcnsportsfilm\" \/>\n<meta name=\"twitter:label1\" content=\"Temps estimat de lectura\" \/>\n\t<meta name=\"twitter:data1\" content=\"2 minuts\" \/>\n<script type=\"application\/ld+json\" class=\"yoast-schema-graph\">{\"@context\":\"https:\/\/schema.org\",\"@graph\":[{\"@type\":\"WebPage\",\"@id\":\"https:\/\/bcnsportsfilm.org\/ca\/jurat-seleccio\/\",\"url\":\"https:\/\/bcnsportsfilm.org\/ca\/jurat-seleccio\/\",\"name\":\"Jurat de selecci\u00f3 - BCN SPORTS FILM 2027\",\"isPartOf\":{\"@id\":\"https:\/\/bcnsportsfilm.org\/#website\"},\"primaryImageOfPage\":{\"@id\":\"https:\/\/bcnsportsfilm.org\/ca\/jurat-seleccio\/#primaryimage\"},\"image\":{\"@id\":\"https:\/\/bcnsportsfilm.org\/ca\/jurat-seleccio\/#primaryimage\"},\"thumbnailUrl\":\"https:\/\/bcnsportsfilm.org\/wp-content\/uploads\/2025\/10\/Mireia-Vicente-1-1.jpg\",\"datePublished\":\"2022-12-14T11:07:59+00:00\",\"dateModified\":\"2025-10-22T15:29:25+00:00\",\"breadcrumb\":{\"@id\":\"https:\/\/bcnsportsfilm.org\/ca\/jurat-seleccio\/#breadcrumb\"},\"inLanguage\":\"ca\",\"potentialAction\":[{\"@type\":\"ReadAction\",\"target\":[\"https:\/\/bcnsportsfilm.org\/ca\/jurat-seleccio\/\"]}]},{\"@type\":\"ImageObject\",\"inLanguage\":\"ca\",\"@id\":\"https:\/\/bcnsportsfilm.org\/ca\/jurat-seleccio\/#primaryimage\",\"url\":\"https:\/\/bcnsportsfilm.org\/wp-content\/uploads\/2025\/10\/Mireia-Vicente-1-1.jpg\",\"contentUrl\":\"https:\/\/bcnsportsfilm.org\/wp-content\/uploads\/2025\/10\/Mireia-Vicente-1-1.jpg\"},{\"@type\":\"BreadcrumbList\",\"@id\":\"https:\/\/bcnsportsfilm.org\/ca\/jurat-seleccio\/#breadcrumb\",\"itemListElement\":[{\"@type\":\"ListItem\",\"position\":1,\"name\":\"Portada\",\"item\":\"https:\/\/bcnsportsfilm.org\/ca\/\"},{\"@type\":\"ListItem\",\"position\":2,\"name\":\"Jurat de selecci\u00f3\"}]},{\"@type\":\"WebSite\",\"@id\":\"https:\/\/bcnsportsfilm.org\/#website\",\"url\":\"https:\/\/bcnsportsfilm.org\/\",\"name\":\"Site title\",\"description\":\"Barcelona International Sports Film Festival\",\"publisher\":{\"@id\":\"https:\/\/bcnsportsfilm.org\/#organization\"},\"potentialAction\":[{\"@type\":\"SearchAction\",\"target\":{\"@type\":\"EntryPoint\",\"urlTemplate\":\"https:\/\/bcnsportsfilm.org\/?s={search_term_string}\"},\"query-input\":{\"@type\":\"PropertyValueSpecification\",\"valueRequired\":true,\"valueName\":\"search_term_string\"}}],\"inLanguage\":\"ca\"},{\"@type\":\"Organization\",\"@id\":\"https:\/\/bcnsportsfilm.org\/#organization\",\"name\":\"Site title\",\"url\":\"https:\/\/bcnsportsfilm.org\/\",\"logo\":{\"@type\":\"ImageObject\",\"inLanguage\":\"ca\",\"@id\":\"https:\/\/bcnsportsfilm.org\/#\/schema\/logo\/image\/\",\"url\":\"https:\/\/bcnsportsfilm.org\/wp-content\/uploads\/2022\/12\/BCNSportsFilmFestival_logo.png\",\"contentUrl\":\"https:\/\/bcnsportsfilm.org\/wp-content\/uploads\/2022\/12\/BCNSportsFilmFestival_logo.png\",\"width\":131,\"height\":43,\"caption\":\"Site title\"},\"image\":{\"@id\":\"https:\/\/bcnsportsfilm.org\/#\/schema\/logo\/image\/\"},\"sameAs\":[\"https:\/\/www.facebook.com\/bcnsportsfilm\",\"https:\/\/x.com\/bcnsportsfilm\",\"https:\/\/www.instagram.com\/fundacio_barcelona_olimpica\/\",\"https:\/\/www.youtube.com\/@fundaciobarcelonaolimpica\",\"https:\/\/www.linkedin.com\/showcase\/bcn-sports-film-festival\/\"]}]}<\/script>\n<!-- \/ Yoast SEO plugin. -->","yoast_head_json":{"title":"Jurat de selecci\u00f3 - BCN SPORTS FILM 2027","robots":{"index":"index","follow":"follow","max-snippet":"max-snippet:-1","max-image-preview":"max-image-preview:large","max-video-preview":"max-video-preview:-1"},"canonical":"https:\/\/bcnsportsfilm.org\/ca\/jurat-seleccio\/","og_locale":"ca_ES","og_type":"article","og_title":"Jurat de selecci\u00f3 - BCN SPORTS FILM 2027","og_description":"Jurat de Selecci\u00f3\u200b Mireia Vicente Mireia Vicente \u00e9s redactora d\u2019esports de TV3. Com a periodista, ha cobert nombrosos esdeveniments esportius, entre els m\u00e9s destacats: tres Jocs Ol\u00edmpics i diversos campionats mundials. \u00c9s directora dels programes de televisi\u00f3 Campiones, Capacitats i Actius. Durant la seva traject\u00f2ria ha sigut guardonada amb el Premi Periodista Esportiu dels Premis [&hellip;]","og_url":"https:\/\/bcnsportsfilm.org\/ca\/jurat-seleccio\/","og_site_name":"BCN SPORTS FILM 2027","article_publisher":"https:\/\/www.facebook.com\/bcnsportsfilm","article_modified_time":"2025-10-22T15:29:25+00:00","og_image":[{"width":1483,"height":1558,"url":"https:\/\/bcnsportsfilm.org\/wp-content\/uploads\/2025\/10\/Mireia-Vicente-1-1.jpg","type":"image\/jpeg"}],"twitter_card":"summary_large_image","twitter_site":"@bcnsportsfilm","twitter_misc":{"Temps estimat de lectura":"2 minuts"},"schema":{"@context":"https:\/\/schema.org","@graph":[{"@type":"WebPage","@id":"https:\/\/bcnsportsfilm.org\/ca\/jurat-seleccio\/","url":"https:\/\/bcnsportsfilm.org\/ca\/jurat-seleccio\/","name":"Jurat de selecci\u00f3 - BCN SPORTS FILM 2027","isPartOf":{"@id":"https:\/\/bcnsportsfilm.org\/#website"},"primaryImageOfPage":{"@id":"https:\/\/bcnsportsfilm.org\/ca\/jurat-seleccio\/#primaryimage"},"image":{"@id":"https:\/\/bcnsportsfilm.org\/ca\/jurat-seleccio\/#primaryimage"},"thumbnailUrl":"https:\/\/bcnsportsfilm.org\/wp-content\/uploads\/2025\/10\/Mireia-Vicente-1-1.jpg","datePublished":"2022-12-14T11:07:59+00:00","dateModified":"2025-10-22T15:29:25+00:00","breadcrumb":{"@id":"https:\/\/bcnsportsfilm.org\/ca\/jurat-seleccio\/#breadcrumb"},"inLanguage":"ca","potentialAction":[{"@type":"ReadAction","target":["https:\/\/bcnsportsfilm.org\/ca\/jurat-seleccio\/"]}]},{"@type":"ImageObject","inLanguage":"ca","@id":"https:\/\/bcnsportsfilm.org\/ca\/jurat-seleccio\/#primaryimage","url":"https:\/\/bcnsportsfilm.org\/wp-content\/uploads\/2025\/10\/Mireia-Vicente-1-1.jpg","contentUrl":"https:\/\/bcnsportsfilm.org\/wp-content\/uploads\/2025\/10\/Mireia-Vicente-1-1.jpg"},{"@type":"BreadcrumbList","@id":"https:\/\/bcnsportsfilm.org\/ca\/jurat-seleccio\/#breadcrumb","itemListElement":[{"@type":"ListItem","position":1,"name":"Portada","item":"https:\/\/bcnsportsfilm.org\/ca\/"},{"@type":"ListItem","position":2,"name":"Jurat de selecci\u00f3"}]},{"@type":"WebSite","@id":"https:\/\/bcnsportsfilm.org\/#website","url":"https:\/\/bcnsportsfilm.org\/","name":"Site title","description":"Barcelona International Sports Film Festival","publisher":{"@id":"https:\/\/bcnsportsfilm.org\/#organization"},"potentialAction":[{"@type":"SearchAction","target":{"@type":"EntryPoint","urlTemplate":"https:\/\/bcnsportsfilm.org\/?s={search_term_string}"},"query-input":{"@type":"PropertyValueSpecification","valueRequired":true,"valueName":"search_term_string"}}],"inLanguage":"ca"},{"@type":"Organization","@id":"https:\/\/bcnsportsfilm.org\/#organization","name":"Site title","url":"https:\/\/bcnsportsfilm.org\/","logo":{"@type":"ImageObject","inLanguage":"ca","@id":"https:\/\/bcnsportsfilm.org\/#\/schema\/logo\/image\/","url":"https:\/\/bcnsportsfilm.org\/wp-content\/uploads\/2022\/12\/BCNSportsFilmFestival_logo.png","contentUrl":"https:\/\/bcnsportsfilm.org\/wp-content\/uploads\/2022\/12\/BCNSportsFilmFestival_logo.png","width":131,"height":43,"caption":"Site title"},"image":{"@id":"https:\/\/bcnsportsfilm.org\/#\/schema\/logo\/image\/"},"sameAs":["https:\/\/www.facebook.com\/bcnsportsfilm","https:\/\/x.com\/bcnsportsfilm","https:\/\/www.instagram.com\/fundacio_barcelona_olimpica\/","https:\/\/www.youtube.com\/@fundaciobarcelonaolimpica","https:\/\/www.linkedin.com\/showcase\/bcn-sports-film-festival\/"]}]}},"_links":{"self":[{"href":"https:\/\/bcnsportsfilm.org\/ca\/wp-json\/wp\/v2\/pages\/143","targetHints":{"allow":["GET"]}}],"collection":[{"href":"https:\/\/bcnsportsfilm.org\/ca\/wp-json\/wp\/v2\/pages"}],"about":[{"href":"https:\/\/bcnsportsfilm.org\/ca\/wp-json\/wp\/v2\/types\/page"}],"author":[{"embeddable":true,"href":"https:\/\/bcnsportsfilm.org\/ca\/wp-json\/wp\/v2\/users\/1"}],"replies":[{"embeddable":true,"href":"https:\/\/bcnsportsfilm.org\/ca\/wp-json\/wp\/v2\/comments?post=143"}],"version-history":[{"count":15,"href":"https:\/\/bcnsportsfilm.org\/ca\/wp-json\/wp\/v2\/pages\/143\/revisions"}],"predecessor-version":[{"id":49279,"href":"https:\/\/bcnsportsfilm.org\/ca\/wp-json\/wp\/v2\/pages\/143\/revisions\/49279"}],"wp:attachment":[{"href":"https:\/\/bcnsportsfilm.org\/ca\/wp-json\/wp\/v2\/media?parent=143"}],"curies":[{"name":"wp","href":"https:\/\/api.w.org\/{rel}","templated":true}]}}