{"id":15429,"date":"2023-01-10T14:11:00","date_gmt":"2023-01-10T12:11:00","guid":{"rendered":"https:\/\/fce.putput.cat\/?page_id=15429"},"modified":"2024-01-09T18:41:37","modified_gmt":"2024-01-09T16:41:37","slug":"acces","status":"publish","type":"page","link":"https:\/\/bcnsportsfilm.org\/ca\/sessions-escolars-online\/acces\/","title":{"rendered":"Acc\u00e9s"},"content":{"rendered":"\t\t<div data-elementor-type=\"wp-page\" data-elementor-id=\"15429\" class=\"elementor elementor-15429\" data-elementor-post-type=\"page\">\n\t\t\t\t\t\t<section class=\"elementor-section elementor-top-section elementor-element elementor-element-80792ff elementor-section-boxed elementor-section-height-default elementor-section-height-default qodef-elementor-content-no\" data-id=\"80792ff\" data-element_type=\"section\" data-settings=\"{&quot;background_background&quot;:&quot;classic&quot;}\">\n\t\t\t\t\t\t<div class=\"elementor-container elementor-column-gap-wider\">\n\t\t\t\t\t<div class=\"elementor-column elementor-col-100 elementor-top-column elementor-element elementor-element-039fcbd\" data-id=\"039fcbd\" data-element_type=\"column\">\n\t\t\t<div class=\"elementor-widget-wrap elementor-element-populated\">\n\t\t\t\t\t\t<div class=\"elementor-element elementor-element-ca0127e elementor-widget elementor-widget-heading\" data-id=\"ca0127e\" data-element_type=\"widget\" data-widget_type=\"heading.default\">\n\t\t\t\t<div class=\"elementor-widget-container\">\n\t\t\t\t\t<h2 class=\"elementor-heading-title elementor-size-default\">Acc\u00e9s a la visualitzaci\u00f3 de les sessions escolars\u200b<\/h2>\t\t\t\t<\/div>\n\t\t\t\t<\/div>\n\t\t\t\t\t<\/div>\n\t\t<\/div>\n\t\t\t\t\t<\/div>\n\t\t<\/section>\n\t\t\t\t<section class=\"elementor-section elementor-top-section elementor-element elementor-element-6b2cb32 elementor-section-boxed elementor-section-height-default elementor-section-height-default qodef-elementor-content-no\" data-id=\"6b2cb32\" data-element_type=\"section\">\n\t\t\t\t\t\t<div class=\"elementor-container elementor-column-gap-default\">\n\t\t\t\t\t<div class=\"elementor-column elementor-col-100 elementor-top-column elementor-element elementor-element-4dfb6fc\" data-id=\"4dfb6fc\" data-element_type=\"column\">\n\t\t\t<div class=\"elementor-widget-wrap elementor-element-populated\">\n\t\t\t\t\t\t<div class=\"elementor-element elementor-element-f8d641e elementor-widget elementor-widget-shortcode\" data-id=\"f8d641e\" data-element_type=\"widget\" data-widget_type=\"shortcode.default\">\n\t\t\t\t<div class=\"elementor-widget-container\">\n\t\t\t\t\t\t\t<div class=\"elementor-shortcode\"><div id=\"user-registration\" class=\"user-registration\">\n\n\n<div class=\"ur-frontend-form login \" id=\"ur-frontend-form\">\n\n\t<form class=\"user-registration-form user-registration-form-login login\" method=\"post\">\n\t\t<div class=\"ur-form-row\">\n\t\t\t<div class=\"ur-form-grid\">\n\t\t\t\t\t\t\t\t\t\t\t\t\t\t<p class=\"user-registration-form-row user-registration-form-row--wide form-row form-row-wide\">\n\t\t\t\t\t\t<label for=\"username\">Correu electr\u00f2nic <span class=\"required\">*<\/span><\/label>\t\t\t\t\t\t<span class=\"input-wrapper\">\n\t\t\t\t\t\t<input placeholder=\"\" type=\"text\" class=\"user-registration-Input user-registration-Input--text input-text\" name=\"username\" id=\"username\" value=\"\" style=\"\"\/>\n\t\t\t\t\t\t\t\t\t\t\t\t<\/span>\n\t\t\t\t\t<\/p>\n\t\t\t\t\t\t\t\t\t\t<p class=\"user-registration-form-row user-registration-form-row--wide form-row form-row-wide hide_show_password\">\n\t\t\t\t\t\t<label for=\"password\">Contrasenya <span class=\"required\">*<\/span><\/label>\t\t\t\t\t\t<span class=\"input-wrapper\">\n\t\t\t\t\t\t<span class=\"password-input-group\">\n\t\t\t\t\t\t<input placeholder=\"\" class=\"user-registration-Input user-registration-Input--text input-text\" type=\"password\" name=\"password\" id=\"password\" style=\"\" \/>\n\n\t\t\t\t\t\t\t\t\t\t\t\t<a href=\"javaScript:void(0)\" class=\"password_preview dashicons dashicons-hidden\" title=\"Show password\"><\/a>\n\t\t\t\t\t\t<\/span>\n\t\t\t\t\t\t\t\t\t\t\t\t\t\t\t\t\t\t\t<\/span>\n\t\t\t\t\t<\/p>\n\t\t\t\t\t\t\t\t\t\t\n\t\t\t\t\t\n\t\t\t\t\t<p class=\"form-row\">\n\t\t\t\t\t\t<input type=\"hidden\" id=\"user-registration-login-nonce\" name=\"user-registration-login-nonce\" value=\"1513336df6\" \/><input type=\"hidden\" name=\"_wp_http_referer\" value=\"\/ca\/wp-json\/wp\/v2\/pages\/15429\" \/>\t\t\t\t\t\t<div>\n\t\t\t\t\t\t\t\t\t\t\t\t\t\t\t\t\t\t\t\t<input type=\"submit\" class=\"user-registration-Button button \" name=\"login\" value=\"Acc\u00e9s\" \/>\n\t\t\t\t\t\t\t\t\t\t\t\t\t<\/div>\n\t\t\t\t\t\t<input type=\"hidden\" name=\"redirect\" value=\"https:\/\/bcnsportsfilm.org\/ca\/sessions-escolars-online\" \/>\n\t\t\t\t\t\t\t\t\t\t\t<\/p>\n\n\t\t\t\t\t\t\t\t\t\t\t\t\t<p class=\"user-registration-LostPassword lost_password\">\n\t\t\t\t\t\t\t\t\t<a href=\"https:\/\/bcnsportsfilm.org\/ca\/el-meu-compte\/lost-password\/\">Has perdut la contrasenya<\/a>\n\t\t\t\t\t\t\t\t<\/p>\n\t\t\t\t\t\t\n\t\t\t\t\t<p class=\"user-registration-register register\">\t\t\t\t\t\t\t\t<a href=\"https:\/\/bcnsportsfilm.org\/ca\/sessions-escolars-online\/registre\/\"> No t&#039;has registrat? Registra&#039;t ara.\t\t\t\t\t\t\t\t\t<\/a>\n\t\t\t\t\t\t\t\t<\/p>\t\t\t\t\t\t\t\t<\/div>\n\t\t<\/div>\n\t<\/form>\n\n<\/div>\n\n<\/div><\/div>\n\t\t\t\t\t\t<\/div>\n\t\t\t\t<\/div>\n\t\t\t\t\t<\/div>\n\t\t<\/div>\n\t\t\t\t\t<\/div>\n\t\t<\/section>\n\t\t\t\t<\/div>\n\t\t","protected":false},"excerpt":{"rendered":"<p>Acc\u00e9s a la visualitzaci\u00f3 de les sessions escolars\u200b<\/p>\n","protected":false},"author":1,"featured_media":0,"parent":15441,"menu_order":4,"comment_status":"closed","ping_status":"closed","template":"","meta":{"_acf_changed":false,"footnotes":""},"class_list":["post-15429","page","type-page","status-publish","hentry"],"acf":[],"yoast_head":"<!-- This site is optimized with the Yoast SEO plugin v24.1 - https:\/\/yoast.com\/wordpress\/plugins\/seo\/ -->\n<title>Acc\u00e9s - BCN SPORTS FILM 2026<\/title>\n<meta name=\"robots\" content=\"index, follow, max-snippet:-1, max-image-preview:large, max-video-preview:-1\" \/>\n<link rel=\"canonical\" href=\"https:\/\/bcnsportsfilm.org\/ca\/sessions-escolars-online\/acces\/\" \/>\n<meta property=\"og:locale\" content=\"ca_ES\" \/>\n<meta property=\"og:type\" content=\"article\" \/>\n<meta property=\"og:title\" content=\"Acc\u00e9s - BCN SPORTS FILM 2026\" \/>\n<meta property=\"og:description\" content=\"Acc\u00e9s a la visualitzaci\u00f3 de les sessions escolars\u200b\" \/>\n<meta property=\"og:url\" content=\"https:\/\/bcnsportsfilm.org\/ca\/sessions-escolars-online\/acces\/\" \/>\n<meta property=\"og:site_name\" content=\"BCN SPORTS FILM 2026\" \/>\n<meta property=\"article:publisher\" content=\"https:\/\/www.facebook.com\/bcnsportsfilm\" \/>\n<meta property=\"article:modified_time\" content=\"2024-01-09T16:41:37+00:00\" \/>\n<meta name=\"twitter:card\" content=\"summary_large_image\" \/>\n<meta name=\"twitter:site\" content=\"@bcnsportsfilm\" \/>\n<script type=\"application\/ld+json\" class=\"yoast-schema-graph\">{\"@context\":\"https:\/\/schema.org\",\"@graph\":[{\"@type\":\"WebPage\",\"@id\":\"https:\/\/bcnsportsfilm.org\/ca\/sessions-escolars-online\/acces\/\",\"url\":\"https:\/\/bcnsportsfilm.org\/ca\/sessions-escolars-online\/acces\/\",\"name\":\"Acc\u00e9s - BCN SPORTS FILM 2026\",\"isPartOf\":{\"@id\":\"https:\/\/bcnsportsfilm.org\/#website\"},\"datePublished\":\"2023-01-10T12:11:00+00:00\",\"dateModified\":\"2024-01-09T16:41:37+00:00\",\"breadcrumb\":{\"@id\":\"https:\/\/bcnsportsfilm.org\/ca\/sessions-escolars-online\/acces\/#breadcrumb\"},\"inLanguage\":\"ca\",\"potentialAction\":[{\"@type\":\"ReadAction\",\"target\":[\"https:\/\/bcnsportsfilm.org\/ca\/sessions-escolars-online\/acces\/\"]}]},{\"@type\":\"BreadcrumbList\",\"@id\":\"https:\/\/bcnsportsfilm.org\/ca\/sessions-escolars-online\/acces\/#breadcrumb\",\"itemListElement\":[{\"@type\":\"ListItem\",\"position\":1,\"name\":\"Portada\",\"item\":\"https:\/\/bcnsportsfilm.org\/ca\/\"},{\"@type\":\"ListItem\",\"position\":2,\"name\":\"Sessions escolars on-line\",\"item\":\"https:\/\/bcnsportsfilm.org\/ca\/sessions-escolars-online\/\"},{\"@type\":\"ListItem\",\"position\":3,\"name\":\"Acc\u00e9s\"}]},{\"@type\":\"WebSite\",\"@id\":\"https:\/\/bcnsportsfilm.org\/#website\",\"url\":\"https:\/\/bcnsportsfilm.org\/\",\"name\":\"Site title\",\"description\":\"Barcelona International Sports Film Festival\",\"publisher\":{\"@id\":\"https:\/\/bcnsportsfilm.org\/#organization\"},\"potentialAction\":[{\"@type\":\"SearchAction\",\"target\":{\"@type\":\"EntryPoint\",\"urlTemplate\":\"https:\/\/bcnsportsfilm.org\/?s={search_term_string}\"},\"query-input\":{\"@type\":\"PropertyValueSpecification\",\"valueRequired\":true,\"valueName\":\"search_term_string\"}}],\"inLanguage\":\"ca\"},{\"@type\":\"Organization\",\"@id\":\"https:\/\/bcnsportsfilm.org\/#organization\",\"name\":\"Site title\",\"url\":\"https:\/\/bcnsportsfilm.org\/\",\"logo\":{\"@type\":\"ImageObject\",\"inLanguage\":\"ca\",\"@id\":\"https:\/\/bcnsportsfilm.org\/#\/schema\/logo\/image\/\",\"url\":\"https:\/\/bcnsportsfilm.org\/wp-content\/uploads\/2022\/12\/BCNSportsFilmFestival_logo.png\",\"contentUrl\":\"https:\/\/bcnsportsfilm.org\/wp-content\/uploads\/2022\/12\/BCNSportsFilmFestival_logo.png\",\"width\":131,\"height\":43,\"caption\":\"Site title\"},\"image\":{\"@id\":\"https:\/\/bcnsportsfilm.org\/#\/schema\/logo\/image\/\"},\"sameAs\":[\"https:\/\/www.facebook.com\/bcnsportsfilm\",\"https:\/\/x.com\/bcnsportsfilm\",\"https:\/\/www.instagram.com\/fundacio_barcelona_olimpica\/\",\"https:\/\/www.youtube.com\/@fundaciobarcelonaolimpica\",\"https:\/\/www.linkedin.com\/showcase\/bcn-sports-film-festival\/\"]}]}<\/script>\n<!-- \/ Yoast SEO plugin. -->","yoast_head_json":{"title":"Acc\u00e9s - BCN SPORTS FILM 2026","robots":{"index":"index","follow":"follow","max-snippet":"max-snippet:-1","max-image-preview":"max-image-preview:large","max-video-preview":"max-video-preview:-1"},"canonical":"https:\/\/bcnsportsfilm.org\/ca\/sessions-escolars-online\/acces\/","og_locale":"ca_ES","og_type":"article","og_title":"Acc\u00e9s - BCN SPORTS FILM 2026","og_description":"Acc\u00e9s a la visualitzaci\u00f3 de les sessions escolars\u200b","og_url":"https:\/\/bcnsportsfilm.org\/ca\/sessions-escolars-online\/acces\/","og_site_name":"BCN SPORTS FILM 2026","article_publisher":"https:\/\/www.facebook.com\/bcnsportsfilm","article_modified_time":"2024-01-09T16:41:37+00:00","twitter_card":"summary_large_image","twitter_site":"@bcnsportsfilm","schema":{"@context":"https:\/\/schema.org","@graph":[{"@type":"WebPage","@id":"https:\/\/bcnsportsfilm.org\/ca\/sessions-escolars-online\/acces\/","url":"https:\/\/bcnsportsfilm.org\/ca\/sessions-escolars-online\/acces\/","name":"Acc\u00e9s - BCN SPORTS FILM 2026","isPartOf":{"@id":"https:\/\/bcnsportsfilm.org\/#website"},"datePublished":"2023-01-10T12:11:00+00:00","dateModified":"2024-01-09T16:41:37+00:00","breadcrumb":{"@id":"https:\/\/bcnsportsfilm.org\/ca\/sessions-escolars-online\/acces\/#breadcrumb"},"inLanguage":"ca","potentialAction":[{"@type":"ReadAction","target":["https:\/\/bcnsportsfilm.org\/ca\/sessions-escolars-online\/acces\/"]}]},{"@type":"BreadcrumbList","@id":"https:\/\/bcnsportsfilm.org\/ca\/sessions-escolars-online\/acces\/#breadcrumb","itemListElement":[{"@type":"ListItem","position":1,"name":"Portada","item":"https:\/\/bcnsportsfilm.org\/ca\/"},{"@type":"ListItem","position":2,"name":"Sessions escolars on-line","item":"https:\/\/bcnsportsfilm.org\/ca\/sessions-escolars-online\/"},{"@type":"ListItem","position":3,"name":"Acc\u00e9s"}]},{"@type":"WebSite","@id":"https:\/\/bcnsportsfilm.org\/#website","url":"https:\/\/bcnsportsfilm.org\/","name":"Site title","description":"Barcelona International Sports Film Festival","publisher":{"@id":"https:\/\/bcnsportsfilm.org\/#organization"},"potentialAction":[{"@type":"SearchAction","target":{"@type":"EntryPoint","urlTemplate":"https:\/\/bcnsportsfilm.org\/?s={search_term_string}"},"query-input":{"@type":"PropertyValueSpecification","valueRequired":true,"valueName":"search_term_string"}}],"inLanguage":"ca"},{"@type":"Organization","@id":"https:\/\/bcnsportsfilm.org\/#organization","name":"Site title","url":"https:\/\/bcnsportsfilm.org\/","logo":{"@type":"ImageObject","inLanguage":"ca","@id":"https:\/\/bcnsportsfilm.org\/#\/schema\/logo\/image\/","url":"https:\/\/bcnsportsfilm.org\/wp-content\/uploads\/2022\/12\/BCNSportsFilmFestival_logo.png","contentUrl":"https:\/\/bcnsportsfilm.org\/wp-content\/uploads\/2022\/12\/BCNSportsFilmFestival_logo.png","width":131,"height":43,"caption":"Site title"},"image":{"@id":"https:\/\/bcnsportsfilm.org\/#\/schema\/logo\/image\/"},"sameAs":["https:\/\/www.facebook.com\/bcnsportsfilm","https:\/\/x.com\/bcnsportsfilm","https:\/\/www.instagram.com\/fundacio_barcelona_olimpica\/","https:\/\/www.youtube.com\/@fundaciobarcelonaolimpica","https:\/\/www.linkedin.com\/showcase\/bcn-sports-film-festival\/"]}]}},"_links":{"self":[{"href":"https:\/\/bcnsportsfilm.org\/ca\/wp-json\/wp\/v2\/pages\/15429","targetHints":{"allow":["GET"]}}],"collection":[{"href":"https:\/\/bcnsportsfilm.org\/ca\/wp-json\/wp\/v2\/pages"}],"about":[{"href":"https:\/\/bcnsportsfilm.org\/ca\/wp-json\/wp\/v2\/types\/page"}],"author":[{"embeddable":true,"href":"https:\/\/bcnsportsfilm.org\/ca\/wp-json\/wp\/v2\/users\/1"}],"replies":[{"embeddable":true,"href":"https:\/\/bcnsportsfilm.org\/ca\/wp-json\/wp\/v2\/comments?post=15429"}],"version-history":[{"count":17,"href":"https:\/\/bcnsportsfilm.org\/ca\/wp-json\/wp\/v2\/pages\/15429\/revisions"}],"predecessor-version":[{"id":26111,"href":"https:\/\/bcnsportsfilm.org\/ca\/wp-json\/wp\/v2\/pages\/15429\/revisions\/26111"}],"up":[{"embeddable":true,"href":"https:\/\/bcnsportsfilm.org\/ca\/wp-json\/wp\/v2\/pages\/15441"}],"wp:attachment":[{"href":"https:\/\/bcnsportsfilm.org\/ca\/wp-json\/wp\/v2\/media?parent=15429"}],"curies":[{"name":"wp","href":"https:\/\/api.w.org\/{rel}","templated":true}]}}