{"id":30159,"date":"2024-02-14T17:39:39","date_gmt":"2024-02-14T15:39:39","guid":{"rendered":"https:\/\/bcnsportsfilm.org\/sessions-en-linea\/"},"modified":"2026-02-19T15:51:18","modified_gmt":"2026-02-19T13:51:18","slug":"sessions-en-linea","status":"publish","type":"page","link":"https:\/\/bcnsportsfilm.org\/ca\/sessions-en-linea\/","title":{"rendered":"Sessions en l\u00ednea Festhome"},"content":{"rendered":"\t\t<div data-elementor-type=\"wp-page\" data-elementor-id=\"30159\" class=\"elementor elementor-30159 elementor-30117\" data-elementor-post-type=\"page\">\n\t\t\t\t\t\t<section class=\"elementor-section elementor-top-section elementor-element elementor-element-52f9d52 elementor-section-full_width elementor-section-height-min-height elementor-section-height-default elementor-section-items-middle qodef-elementor-content-no\" data-id=\"52f9d52\" data-element_type=\"section\" data-settings=\"{&quot;background_background&quot;:&quot;slideshow&quot;,&quot;background_slideshow_gallery&quot;:[{&quot;id&quot;:&quot;50351&quot;,&quot;url&quot;:&quot;https:\\\/\\\/bcnsportsfilm.org\\\/wp-content\\\/uploads\\\/2025\\\/12\\\/banner-web-imagen-generica-16-ed-1440x670_converted.png&quot;}],&quot;background_slideshow_loop&quot;:&quot;yes&quot;,&quot;background_slideshow_slide_duration&quot;:5000,&quot;background_slideshow_slide_transition&quot;:&quot;fade&quot;,&quot;background_slideshow_transition_duration&quot;:500}\">\n\t\t\t\t\t\t<div class=\"elementor-container elementor-column-gap-no\">\n\t\t\t\t\t<div class=\"elementor-column elementor-col-100 elementor-top-column elementor-element elementor-element-69ce236\" data-id=\"69ce236\" data-element_type=\"column\">\n\t\t\t<div class=\"elementor-widget-wrap\">\n\t\t\t\t\t\t\t<\/div>\n\t\t<\/div>\n\t\t\t\t\t<\/div>\n\t\t<\/section>\n\t\t\t\t<section class=\"elementor-section elementor-top-section elementor-element elementor-element-b29360f elementor-section-boxed elementor-section-height-default elementor-section-height-default qodef-elementor-content-no\" data-id=\"b29360f\" data-element_type=\"section\">\n\t\t\t\t\t\t<div class=\"elementor-container elementor-column-gap-default\">\n\t\t\t\t\t<div class=\"elementor-column elementor-col-100 elementor-top-column elementor-element elementor-element-157c74d\" data-id=\"157c74d\" data-element_type=\"column\">\n\t\t\t<div class=\"elementor-widget-wrap elementor-element-populated\">\n\t\t\t\t\t\t<div class=\"elementor-element elementor-element-dbe7692 elementor-widget elementor-widget-spacer\" data-id=\"dbe7692\" data-element_type=\"widget\" data-widget_type=\"spacer.default\">\n\t\t\t\t<div class=\"elementor-widget-container\">\n\t\t\t\t\t\t\t<div class=\"elementor-spacer\">\n\t\t\t<div class=\"elementor-spacer-inner\"><\/div>\n\t\t<\/div>\n\t\t\t\t\t\t<\/div>\n\t\t\t\t<\/div>\n\t\t\t\t\t<\/div>\n\t\t<\/div>\n\t\t\t\t\t<\/div>\n\t\t<\/section>\n\t\t\t\t<section class=\"elementor-section elementor-top-section elementor-element elementor-element-3fdb9e8 elementor-section-boxed elementor-section-height-default elementor-section-height-default qodef-elementor-content-no\" data-id=\"3fdb9e8\" data-element_type=\"section\">\n\t\t\t\t\t\t<div class=\"elementor-container elementor-column-gap-default\">\n\t\t\t\t\t<div class=\"elementor-column elementor-col-100 elementor-top-column elementor-element elementor-element-8ee2911\" data-id=\"8ee2911\" data-element_type=\"column\">\n\t\t\t<div class=\"elementor-widget-wrap elementor-element-populated\">\n\t\t\t\t\t\t<div class=\"elementor-element elementor-element-27a3a8c elementor-widget elementor-widget-heading\" data-id=\"27a3a8c\" data-element_type=\"widget\" data-widget_type=\"heading.default\">\n\t\t\t\t<div class=\"elementor-widget-container\">\n\t\t\t\t\t<h2 class=\"elementor-heading-title elementor-size-xl\">Sessions en l\u00ednea<\/h2>\t\t\t\t<\/div>\n\t\t\t\t<\/div>\n\t\t\t\t<div class=\"elementor-element elementor-element-866895c elementor-widget elementor-widget-heading\" data-id=\"866895c\" data-element_type=\"widget\" data-widget_type=\"heading.default\">\n\t\t\t\t<div class=\"elementor-widget-container\">\n\t\t\t\t\t<p class=\"elementor-heading-title elementor-size-small\">Del 23 de febrer al 3 de mar\u00e7 podr\u00e0s gaudir de les sessions en l\u00ednia en Festhome.<\/p>\t\t\t\t<\/div>\n\t\t\t\t<\/div>\n\t\t\t\t<section class=\"elementor-section elementor-inner-section elementor-element elementor-element-83f4e86 elementor-section-full_width elementor-section-height-default elementor-section-height-default qodef-elementor-content-no\" data-id=\"83f4e86\" data-element_type=\"section\">\n\t\t\t\t\t\t<div class=\"elementor-container elementor-column-gap-default\">\n\t\t\t\t\t<div class=\"elementor-column elementor-col-100 elementor-inner-column elementor-element elementor-element-1bc3a49\" data-id=\"1bc3a49\" data-element_type=\"column\">\n\t\t\t<div class=\"elementor-widget-wrap elementor-element-populated\">\n\t\t\t\t\t\t<div class=\"elementor-element elementor-element-304d672 elementor-widget-divider--view-line elementor-widget elementor-widget-divider\" data-id=\"304d672\" data-element_type=\"widget\" data-widget_type=\"divider.default\">\n\t\t\t\t<div class=\"elementor-widget-container\">\n\t\t\t\t\t\t\t<div class=\"elementor-divider\">\n\t\t\t<span class=\"elementor-divider-separator\">\n\t\t\t\t\t\t<\/span>\n\t\t<\/div>\n\t\t\t\t\t\t<\/div>\n\t\t\t\t<\/div>\n\t\t\t\t<div class=\"elementor-element elementor-element-d8f27be elementor-widget elementor-widget-image\" data-id=\"d8f27be\" data-element_type=\"widget\" data-widget_type=\"image.default\">\n\t\t\t\t<div class=\"elementor-widget-container\">\n\t\t\t\t\t\t\t\t\t\t\t\t\t\t\t<img decoding=\"async\" src=\"https:\/\/bcnsportsfilm.org\/wp-content\/uploads\/elementor\/thumbs\/logo_white_467x121-qjt0eiagt5n7byqq9fcmj4q7vxeh1vuo13zxp9st8g.png\" title=\"logo_white_467x121\" alt=\"logo_white_467x121\" loading=\"lazy\" \/>\t\t\t\t\t\t\t\t\t\t\t\t\t\t\t<\/div>\n\t\t\t\t<\/div>\n\t\t\t\t<div class=\"elementor-element elementor-element-6ab4ed5 elementor-widget elementor-widget-heading\" data-id=\"6ab4ed5\" data-element_type=\"widget\" data-widget_type=\"heading.default\">\n\t\t\t\t<div class=\"elementor-widget-container\">\n\t\t\t\t\t<h4 class=\"elementor-heading-title elementor-size-default\"><a href=\"https:\/\/tv.festhome.com\/festivaltv\/bcn-sports-film\">connecta't a festhome<\/a><\/h4>\t\t\t\t<\/div>\n\t\t\t\t<\/div>\n\t\t\t\t<div class=\"elementor-element elementor-element-1bde84d elementor-widget__width-initial elementor-widget elementor-widget-text-editor\" data-id=\"1bde84d\" data-element_type=\"widget\" data-widget_type=\"text-editor.default\">\n\t\t\t\t<div class=\"elementor-widget-container\">\n\t\t\t\t\t\t\t\t\t<p>Com cada any, Festhome t&#8217;ofereix, <strong>de manera gratu\u00efta<\/strong>, totes les sessions del BCN Sports Film.<\/p>\n<p>Podr\u00e0s gaudir, des de qualsevol lloc, les diferents sessions d&#8217;aquesta 16th edition BCN Sports Film Festival.<\/p>\n\t\t\t\t\t\t\t\t<\/div>\n\t\t\t\t<\/div>\n\t\t\t\t<div class=\"elementor-element elementor-element-64dfac5 elementor-align-center elementor-widget elementor-widget-button\" data-id=\"64dfac5\" data-element_type=\"widget\" data-widget_type=\"button.default\">\n\t\t\t\t<div class=\"elementor-widget-container\">\n\t\t\t\t\t\t\t\t\t<div class=\"elementor-button-wrapper\">\n\t\t\t\t\t<a class=\"elementor-button elementor-button-link elementor-size-sm\" href=\"https:\/\/tv.festhome.com\/festivaltv\/bcn-sports-film-festival\">\n\t\t\t\t\t\t<span class=\"elementor-button-content-wrapper\">\n\t\t\t\t\t\t\t\t\t<span class=\"elementor-button-text\">FESTHOME<\/span>\n\t\t\t\t\t<\/span>\n\t\t\t\t\t<\/a>\n\t\t\t\t<\/div>\n\t\t\t\t\t\t\t\t<\/div>\n\t\t\t\t<\/div>\n\t\t\t\t\t<\/div>\n\t\t<\/div>\n\t\t\t\t\t<\/div>\n\t\t<\/section>\n\t\t\t\t<div class=\"elementor-element elementor-element-fe31991 elementor-widget elementor-widget-heading\" data-id=\"fe31991\" data-element_type=\"widget\" data-widget_type=\"heading.default\">\n\t\t\t\t<div class=\"elementor-widget-container\">\n\t\t\t\t\t<p class=\"elementor-heading-title elementor-size-small\">Recorda les produccions deixaran d'estar actives el 3 de mar\u00e7 a les 00.00 hores<\/p>\t\t\t\t<\/div>\n\t\t\t\t<\/div>\n\t\t\t\t\t<\/div>\n\t\t<\/div>\n\t\t\t\t\t<\/div>\n\t\t<\/section>\n\t\t\t\t<section class=\"elementor-section elementor-top-section elementor-element elementor-element-324d457 elementor-section-boxed elementor-section-height-default elementor-section-height-default qodef-elementor-content-no\" data-id=\"324d457\" data-element_type=\"section\">\n\t\t\t\t\t\t<div class=\"elementor-container elementor-column-gap-default\">\n\t\t\t\t\t<div class=\"elementor-column elementor-col-100 elementor-top-column elementor-element elementor-element-2e5f4a8\" data-id=\"2e5f4a8\" data-element_type=\"column\">\n\t\t\t<div class=\"elementor-widget-wrap elementor-element-populated\">\n\t\t\t\t\t\t<div class=\"elementor-element elementor-element-f0134b7 elementor-widget-divider--view-line elementor-widget elementor-widget-divider\" data-id=\"f0134b7\" data-element_type=\"widget\" data-widget_type=\"divider.default\">\n\t\t\t\t<div class=\"elementor-widget-container\">\n\t\t\t\t\t\t\t<div class=\"elementor-divider\">\n\t\t\t<span class=\"elementor-divider-separator\">\n\t\t\t\t\t\t<\/span>\n\t\t<\/div>\n\t\t\t\t\t\t<\/div>\n\t\t\t\t<\/div>\n\t\t\t\t\t<\/div>\n\t\t<\/div>\n\t\t\t\t\t<\/div>\n\t\t<\/section>\n\t\t\t\t<\/div>\n\t\t","protected":false},"excerpt":{"rendered":"<p>Sessions en l\u00ednea Del 23 de febrer al 3 de mar\u00e7 podr\u00e0s gaudir de les sessions en l\u00ednia en Festhome. connecta&#8217;t a festhome Com cada any, Festhome t&#8217;ofereix, de manera gratu\u00efta, totes les sessions del BCN Sports Film. Podr\u00e0s gaudir, des de qualsevol lloc, les diferents sessions d&#8217;aquesta 16th edition BCN Sports Film Festival. FESTHOME [&hellip;]<\/p>\n","protected":false},"author":3,"featured_media":53751,"parent":0,"menu_order":100,"comment_status":"closed","ping_status":"closed","template":"page-full-width.php","meta":{"_acf_changed":false,"footnotes":""},"class_list":["post-30159","page","type-page","status-publish","has-post-thumbnail","hentry"],"acf":[],"yoast_head":"<!-- This site is optimized with the Yoast SEO plugin v24.1 - https:\/\/yoast.com\/wordpress\/plugins\/seo\/ -->\n<title>Sessions en l\u00ednea Festhome - BCN SPORTS FILM 2026<\/title>\n<meta name=\"description\" content=\"Pots seguir el BCN Sports Film 2026 a trav\u00e9s de la plataforma Festhome. Totes les sessions s\u00f3n gratu\u00eftes.\" \/>\n<meta name=\"robots\" content=\"index, follow, max-snippet:-1, max-image-preview:large, max-video-preview:-1\" \/>\n<link rel=\"canonical\" href=\"https:\/\/bcnsportsfilm.org\/sesiones-on-line\/\" \/>\n<meta property=\"og:locale\" content=\"ca_ES\" \/>\n<meta property=\"og:type\" content=\"article\" \/>\n<meta property=\"og:title\" content=\"Sessions en l\u00ednea Festhome - BCN SPORTS FILM 2026\" \/>\n<meta property=\"og:description\" content=\"Pots seguir el BCN Sports Film 2026 a trav\u00e9s de la plataforma Festhome. Totes les sessions s\u00f3n gratu\u00eftes.\" \/>\n<meta property=\"og:url\" content=\"https:\/\/bcnsportsfilm.org\/sesiones-on-line\/\" \/>\n<meta property=\"og:site_name\" content=\"BCN SPORTS FILM 2026\" \/>\n<meta property=\"article:publisher\" content=\"https:\/\/www.facebook.com\/bcnsportsfilm\" \/>\n<meta property=\"article:modified_time\" content=\"2026-02-19T13:51:18+00:00\" \/>\n<meta property=\"og:image\" content=\"https:\/\/bcnsportsfilm.org\/wp-content\/uploads\/2026\/02\/Banner-web-1500x500PX-BCNSFF-16ed.png\" \/>\n\t<meta property=\"og:image:width\" content=\"1500\" \/>\n\t<meta property=\"og:image:height\" content=\"500\" \/>\n\t<meta property=\"og:image:type\" content=\"image\/png\" \/>\n<meta name=\"twitter:card\" content=\"summary_large_image\" \/>\n<meta name=\"twitter:site\" content=\"@bcnsportsfilm\" \/>\n<script type=\"application\/ld+json\" class=\"yoast-schema-graph\">{\"@context\":\"https:\/\/schema.org\",\"@graph\":[{\"@type\":\"WebPage\",\"@id\":\"https:\/\/bcnsportsfilm.org\/sesiones-on-line\/\",\"url\":\"https:\/\/bcnsportsfilm.org\/sesiones-on-line\/\",\"name\":\"Sessions en l\u00ednea Festhome - BCN SPORTS FILM 2026\",\"isPartOf\":{\"@id\":\"https:\/\/bcnsportsfilm.org\/#website\"},\"primaryImageOfPage\":{\"@id\":\"https:\/\/bcnsportsfilm.org\/sesiones-on-line\/#primaryimage\"},\"image\":{\"@id\":\"https:\/\/bcnsportsfilm.org\/sesiones-on-line\/#primaryimage\"},\"thumbnailUrl\":\"https:\/\/bcnsportsfilm.org\/wp-content\/uploads\/2026\/02\/Banner-web-1500x500PX-BCNSFF-16ed.png\",\"datePublished\":\"2024-02-14T15:39:39+00:00\",\"dateModified\":\"2026-02-19T13:51:18+00:00\",\"description\":\"Pots seguir el BCN Sports Film 2026 a trav\u00e9s de la plataforma Festhome. Totes les sessions s\u00f3n gratu\u00eftes.\",\"breadcrumb\":{\"@id\":\"https:\/\/bcnsportsfilm.org\/sesiones-on-line\/#breadcrumb\"},\"inLanguage\":\"ca\",\"potentialAction\":[{\"@type\":\"ReadAction\",\"target\":[\"https:\/\/bcnsportsfilm.org\/sesiones-on-line\/\"]}]},{\"@type\":\"ImageObject\",\"inLanguage\":\"ca\",\"@id\":\"https:\/\/bcnsportsfilm.org\/sesiones-on-line\/#primaryimage\",\"url\":\"https:\/\/bcnsportsfilm.org\/wp-content\/uploads\/2026\/02\/Banner-web-1500x500PX-BCNSFF-16ed.png\",\"contentUrl\":\"https:\/\/bcnsportsfilm.org\/wp-content\/uploads\/2026\/02\/Banner-web-1500x500PX-BCNSFF-16ed.png\",\"width\":1500,\"height\":500},{\"@type\":\"BreadcrumbList\",\"@id\":\"https:\/\/bcnsportsfilm.org\/sesiones-on-line\/#breadcrumb\",\"itemListElement\":[{\"@type\":\"ListItem\",\"position\":1,\"name\":\"Portada\",\"item\":\"https:\/\/bcnsportsfilm.org\/ca\/\"},{\"@type\":\"ListItem\",\"position\":2,\"name\":\"Sessions en l\u00ednea Festhome\"}]},{\"@type\":\"WebSite\",\"@id\":\"https:\/\/bcnsportsfilm.org\/#website\",\"url\":\"https:\/\/bcnsportsfilm.org\/\",\"name\":\"Site title\",\"description\":\"Barcelona International Sports Film Festival\",\"publisher\":{\"@id\":\"https:\/\/bcnsportsfilm.org\/#organization\"},\"potentialAction\":[{\"@type\":\"SearchAction\",\"target\":{\"@type\":\"EntryPoint\",\"urlTemplate\":\"https:\/\/bcnsportsfilm.org\/?s={search_term_string}\"},\"query-input\":{\"@type\":\"PropertyValueSpecification\",\"valueRequired\":true,\"valueName\":\"search_term_string\"}}],\"inLanguage\":\"ca\"},{\"@type\":\"Organization\",\"@id\":\"https:\/\/bcnsportsfilm.org\/#organization\",\"name\":\"Site title\",\"url\":\"https:\/\/bcnsportsfilm.org\/\",\"logo\":{\"@type\":\"ImageObject\",\"inLanguage\":\"ca\",\"@id\":\"https:\/\/bcnsportsfilm.org\/#\/schema\/logo\/image\/\",\"url\":\"https:\/\/bcnsportsfilm.org\/wp-content\/uploads\/2022\/12\/BCNSportsFilmFestival_logo.png\",\"contentUrl\":\"https:\/\/bcnsportsfilm.org\/wp-content\/uploads\/2022\/12\/BCNSportsFilmFestival_logo.png\",\"width\":131,\"height\":43,\"caption\":\"Site title\"},\"image\":{\"@id\":\"https:\/\/bcnsportsfilm.org\/#\/schema\/logo\/image\/\"},\"sameAs\":[\"https:\/\/www.facebook.com\/bcnsportsfilm\",\"https:\/\/x.com\/bcnsportsfilm\",\"https:\/\/www.instagram.com\/fundacio_barcelona_olimpica\/\",\"https:\/\/www.youtube.com\/@fundaciobarcelonaolimpica\",\"https:\/\/www.linkedin.com\/showcase\/bcn-sports-film-festival\/\"]}]}<\/script>\n<!-- \/ Yoast SEO plugin. -->","yoast_head_json":{"title":"Sessions en l\u00ednea Festhome - BCN SPORTS FILM 2026","description":"Pots seguir el BCN Sports Film 2026 a trav\u00e9s de la plataforma Festhome. Totes les sessions s\u00f3n gratu\u00eftes.","robots":{"index":"index","follow":"follow","max-snippet":"max-snippet:-1","max-image-preview":"max-image-preview:large","max-video-preview":"max-video-preview:-1"},"canonical":"https:\/\/bcnsportsfilm.org\/sesiones-on-line\/","og_locale":"ca_ES","og_type":"article","og_title":"Sessions en l\u00ednea Festhome - BCN SPORTS FILM 2026","og_description":"Pots seguir el BCN Sports Film 2026 a trav\u00e9s de la plataforma Festhome. Totes les sessions s\u00f3n gratu\u00eftes.","og_url":"https:\/\/bcnsportsfilm.org\/sesiones-on-line\/","og_site_name":"BCN SPORTS FILM 2026","article_publisher":"https:\/\/www.facebook.com\/bcnsportsfilm","article_modified_time":"2026-02-19T13:51:18+00:00","og_image":[{"width":1500,"height":500,"url":"https:\/\/bcnsportsfilm.org\/wp-content\/uploads\/2026\/02\/Banner-web-1500x500PX-BCNSFF-16ed.png","type":"image\/png"}],"twitter_card":"summary_large_image","twitter_site":"@bcnsportsfilm","schema":{"@context":"https:\/\/schema.org","@graph":[{"@type":"WebPage","@id":"https:\/\/bcnsportsfilm.org\/sesiones-on-line\/","url":"https:\/\/bcnsportsfilm.org\/sesiones-on-line\/","name":"Sessions en l\u00ednea Festhome - BCN SPORTS FILM 2026","isPartOf":{"@id":"https:\/\/bcnsportsfilm.org\/#website"},"primaryImageOfPage":{"@id":"https:\/\/bcnsportsfilm.org\/sesiones-on-line\/#primaryimage"},"image":{"@id":"https:\/\/bcnsportsfilm.org\/sesiones-on-line\/#primaryimage"},"thumbnailUrl":"https:\/\/bcnsportsfilm.org\/wp-content\/uploads\/2026\/02\/Banner-web-1500x500PX-BCNSFF-16ed.png","datePublished":"2024-02-14T15:39:39+00:00","dateModified":"2026-02-19T13:51:18+00:00","description":"Pots seguir el BCN Sports Film 2026 a trav\u00e9s de la plataforma Festhome. Totes les sessions s\u00f3n gratu\u00eftes.","breadcrumb":{"@id":"https:\/\/bcnsportsfilm.org\/sesiones-on-line\/#breadcrumb"},"inLanguage":"ca","potentialAction":[{"@type":"ReadAction","target":["https:\/\/bcnsportsfilm.org\/sesiones-on-line\/"]}]},{"@type":"ImageObject","inLanguage":"ca","@id":"https:\/\/bcnsportsfilm.org\/sesiones-on-line\/#primaryimage","url":"https:\/\/bcnsportsfilm.org\/wp-content\/uploads\/2026\/02\/Banner-web-1500x500PX-BCNSFF-16ed.png","contentUrl":"https:\/\/bcnsportsfilm.org\/wp-content\/uploads\/2026\/02\/Banner-web-1500x500PX-BCNSFF-16ed.png","width":1500,"height":500},{"@type":"BreadcrumbList","@id":"https:\/\/bcnsportsfilm.org\/sesiones-on-line\/#breadcrumb","itemListElement":[{"@type":"ListItem","position":1,"name":"Portada","item":"https:\/\/bcnsportsfilm.org\/ca\/"},{"@type":"ListItem","position":2,"name":"Sessions en l\u00ednea Festhome"}]},{"@type":"WebSite","@id":"https:\/\/bcnsportsfilm.org\/#website","url":"https:\/\/bcnsportsfilm.org\/","name":"Site title","description":"Barcelona International Sports Film Festival","publisher":{"@id":"https:\/\/bcnsportsfilm.org\/#organization"},"potentialAction":[{"@type":"SearchAction","target":{"@type":"EntryPoint","urlTemplate":"https:\/\/bcnsportsfilm.org\/?s={search_term_string}"},"query-input":{"@type":"PropertyValueSpecification","valueRequired":true,"valueName":"search_term_string"}}],"inLanguage":"ca"},{"@type":"Organization","@id":"https:\/\/bcnsportsfilm.org\/#organization","name":"Site title","url":"https:\/\/bcnsportsfilm.org\/","logo":{"@type":"ImageObject","inLanguage":"ca","@id":"https:\/\/bcnsportsfilm.org\/#\/schema\/logo\/image\/","url":"https:\/\/bcnsportsfilm.org\/wp-content\/uploads\/2022\/12\/BCNSportsFilmFestival_logo.png","contentUrl":"https:\/\/bcnsportsfilm.org\/wp-content\/uploads\/2022\/12\/BCNSportsFilmFestival_logo.png","width":131,"height":43,"caption":"Site title"},"image":{"@id":"https:\/\/bcnsportsfilm.org\/#\/schema\/logo\/image\/"},"sameAs":["https:\/\/www.facebook.com\/bcnsportsfilm","https:\/\/x.com\/bcnsportsfilm","https:\/\/www.instagram.com\/fundacio_barcelona_olimpica\/","https:\/\/www.youtube.com\/@fundaciobarcelonaolimpica","https:\/\/www.linkedin.com\/showcase\/bcn-sports-film-festival\/"]}]}},"_links":{"self":[{"href":"https:\/\/bcnsportsfilm.org\/ca\/wp-json\/wp\/v2\/pages\/30159","targetHints":{"allow":["GET"]}}],"collection":[{"href":"https:\/\/bcnsportsfilm.org\/ca\/wp-json\/wp\/v2\/pages"}],"about":[{"href":"https:\/\/bcnsportsfilm.org\/ca\/wp-json\/wp\/v2\/types\/page"}],"author":[{"embeddable":true,"href":"https:\/\/bcnsportsfilm.org\/ca\/wp-json\/wp\/v2\/users\/3"}],"replies":[{"embeddable":true,"href":"https:\/\/bcnsportsfilm.org\/ca\/wp-json\/wp\/v2\/comments?post=30159"}],"version-history":[{"count":7,"href":"https:\/\/bcnsportsfilm.org\/ca\/wp-json\/wp\/v2\/pages\/30159\/revisions"}],"predecessor-version":[{"id":54836,"href":"https:\/\/bcnsportsfilm.org\/ca\/wp-json\/wp\/v2\/pages\/30159\/revisions\/54836"}],"wp:featuredmedia":[{"embeddable":true,"href":"https:\/\/bcnsportsfilm.org\/ca\/wp-json\/wp\/v2\/media\/53751"}],"wp:attachment":[{"href":"https:\/\/bcnsportsfilm.org\/ca\/wp-json\/wp\/v2\/media?parent=30159"}],"curies":[{"name":"wp","href":"https:\/\/api.w.org\/{rel}","templated":true}]}}