{"id":524,"date":"2022-12-20T12:51:20","date_gmt":"2022-12-20T10:51:20","guid":{"rendered":"https:\/\/fce.putput.cat\/?page_id=524"},"modified":"2022-12-20T12:54:14","modified_gmt":"2022-12-20T10:54:14","slug":"politica-de-tractament-de-dades-de-caracter-personal","status":"publish","type":"page","link":"https:\/\/bcnsportsfilm.org\/ca\/politica-de-tractament-de-dades-de-caracter-personal\/","title":{"rendered":"Pol\u00edtica de tractament de dades de car\u00e0cter personal"},"content":{"rendered":"\t\t<div data-elementor-type=\"wp-page\" data-elementor-id=\"524\" class=\"elementor elementor-524\" data-elementor-post-type=\"page\">\n\t\t\t\t\t\t<section class=\"elementor-section elementor-top-section elementor-element elementor-element-5dccd6a elementor-section-boxed elementor-section-height-default elementor-section-height-default qodef-elementor-content-no\" data-id=\"5dccd6a\" data-element_type=\"section\">\n\t\t\t\t\t\t<div class=\"elementor-container elementor-column-gap-wider\">\n\t\t\t\t\t<div class=\"elementor-column elementor-col-100 elementor-top-column elementor-element elementor-element-92b07df\" data-id=\"92b07df\" data-element_type=\"column\">\n\t\t\t<div class=\"elementor-widget-wrap elementor-element-populated\">\n\t\t\t\t\t\t<div class=\"elementor-element elementor-element-bc1627b elementor-widget elementor-widget-heading\" data-id=\"bc1627b\" data-element_type=\"widget\" data-widget_type=\"heading.default\">\n\t\t\t\t<div class=\"elementor-widget-container\">\n\t\t\t\t\t<h2 class=\"elementor-heading-title elementor-size-large\">Pol\u00edtica de tractament de dades de car\u00e0cter personal<\/h2>\t\t\t\t<\/div>\n\t\t\t\t<\/div>\n\t\t\t\t<section class=\"elementor-section elementor-inner-section elementor-element elementor-element-35b683e elementor-section-full_width elementor-section-height-default elementor-section-height-default qodef-elementor-content-no\" data-id=\"35b683e\" data-element_type=\"section\">\n\t\t\t\t\t\t<div class=\"elementor-container elementor-column-gap-no\">\n\t\t\t\t\t<div class=\"elementor-column elementor-col-100 elementor-inner-column elementor-element elementor-element-33c1ae0\" data-id=\"33c1ae0\" data-element_type=\"column\">\n\t\t\t<div class=\"elementor-widget-wrap elementor-element-populated\">\n\t\t\t\t\t\t<div class=\"elementor-element elementor-element-a9f6e4c elementor-widget elementor-widget-text-editor\" data-id=\"a9f6e4c\" data-element_type=\"widget\" data-widget_type=\"text-editor.default\">\n\t\t\t\t<div class=\"elementor-widget-container\">\n\t\t\t\t\t\t\t\t\t<p>De conformitat amb all\u00f2 que disposa la Llei Org\u00e0nica de Protecci\u00f3 de Dades de Car\u00e0cter Personal (LOPDCP), les dades personals recollides seran objecte de tractament automatitzat i incorporades a un fitxer de la FUNDACI\u00d3 BARCELONA OL\u00cdMPICA, amb la finalitat de gestionar la vostra sol\u00b7licitud. Aix\u00ed mateix, la FUNDACI\u00d3 BARCELONA OL\u00cdMPICA conservar\u00e0 les vostres dades, sempre amb el vostre consentiment, amb la finalitat de remetre-us, en un futur, informaci\u00f3 sobre els actes i activitats de la FUNDACI\u00d3 BARCELONA OL\u00cdMPICA. El fet de facilitar-nos la vostra adre\u00e7a de correu electr\u00f2nic, significa que doneu el vostre consentiment de manera expressa perqu\u00e8 us sigui enviada la informaci\u00f3 per aquesta via. En compliment d\u2019all\u00f2 establert en la LOPDCP, podeu exercir els vostres drets d\u2019oposici\u00f3, acc\u00e9s, rectificaci\u00f3 i cancel\u00b7laci\u00f3 de les vostres dades personals mitjan\u00e7ant escrit dirigit a la FUNDACI\u00d3 BARCELONA OL\u00cdMPICA, amb domicili a l\u2019Avinguda de l\u2019Estadi, n\u00famero 60, de Barcelona i CP 08038, i amb NIF G-60309655. De la mateixa manera, podeu revocar en qualsevol moment el vostre consentiment per a la recepci\u00f3 de comunicacions per via electr\u00f2nica per mitj\u00e0 d\u2019un enlla\u00e7 que trobareu en el mateix butllet\u00ed informatiu o enviant un correu electr\u00f2nic a l\u2019adre\u00e7a: <a href=\"mailto:communication@bcnsportsfilm.org\">communication@bcnsportsfilm.org<\/a><\/p>\t\t\t\t\t\t\t\t<\/div>\n\t\t\t\t<\/div>\n\t\t\t\t<div class=\"elementor-element elementor-element-478a76b elementor-widget elementor-widget-button\" data-id=\"478a76b\" data-element_type=\"widget\" data-widget_type=\"button.default\">\n\t\t\t\t<div class=\"elementor-widget-container\">\n\t\t\t\t\t\t\t\t\t<div class=\"elementor-button-wrapper\">\n\t\t\t\t\t<a class=\"elementor-button elementor-button-link elementor-size-sm\" href=\"\/politica-de-privacitat-i-proteccio-de-dades\/\">\n\t\t\t\t\t\t<span class=\"elementor-button-content-wrapper\">\n\t\t\t\t\t\t\t\t\t<span class=\"elementor-button-text\">Pol\u00edtica de privacitat i protecci\u00f3 de dades<\/span>\n\t\t\t\t\t<\/span>\n\t\t\t\t\t<\/a>\n\t\t\t\t<\/div>\n\t\t\t\t\t\t\t\t<\/div>\n\t\t\t\t<\/div>\n\t\t\t\t\t<\/div>\n\t\t<\/div>\n\t\t\t\t\t<\/div>\n\t\t<\/section>\n\t\t\t\t\t<\/div>\n\t\t<\/div>\n\t\t\t\t\t<\/div>\n\t\t<\/section>\n\t\t\t\t<\/div>\n\t\t","protected":false},"excerpt":{"rendered":"<p>De conformitat amb all\u00f2 que disposa la Llei Org\u00e0nica de Protecci\u00f3 de Dades de Car\u00e0cter Personal (LOPDCP), les dades personals recollides seran objecte de tractament automatitzat i incorporades a un fitxer de la FUNDACI\u00d3 BARCELONA OL\u00cdMPICA, amb la finalitat de gestionar la vostra sol\u00b7licitud. Aix\u00ed mateix, la FUNDACI\u00d3 BARCELONA OL\u00cdMPICA conservar\u00e0 les vostres dades, sempre [&hellip;]<\/p>\n","protected":false},"author":1,"featured_media":0,"parent":0,"menu_order":92,"comment_status":"closed","ping_status":"closed","template":"","meta":{"_acf_changed":false,"footnotes":""},"class_list":["post-524","page","type-page","status-publish","hentry"],"acf":[],"yoast_head":"<!-- This site is optimized with the Yoast SEO plugin v24.1 - https:\/\/yoast.com\/wordpress\/plugins\/seo\/ -->\n<title>Pol\u00edtica de tractament de dades de car\u00e0cter personal - BCN SPORTS FILM 2026<\/title>\n<meta name=\"robots\" content=\"index, follow, max-snippet:-1, max-image-preview:large, max-video-preview:-1\" \/>\n<link rel=\"canonical\" href=\"https:\/\/bcnsportsfilm.org\/ca\/politica-de-tractament-de-dades-de-caracter-personal\/\" \/>\n<meta property=\"og:locale\" content=\"ca_ES\" \/>\n<meta property=\"og:type\" content=\"article\" \/>\n<meta property=\"og:title\" content=\"Pol\u00edtica de tractament de dades de car\u00e0cter personal - BCN SPORTS FILM 2026\" \/>\n<meta property=\"og:description\" content=\"De conformitat amb all\u00f2 que disposa la Llei Org\u00e0nica de Protecci\u00f3 de Dades de Car\u00e0cter Personal (LOPDCP), les dades personals recollides seran objecte de tractament automatitzat i incorporades a un fitxer de la FUNDACI\u00d3 BARCELONA OL\u00cdMPICA, amb la finalitat de gestionar la vostra sol\u00b7licitud. Aix\u00ed mateix, la FUNDACI\u00d3 BARCELONA OL\u00cdMPICA conservar\u00e0 les vostres dades, sempre [&hellip;]\" \/>\n<meta property=\"og:url\" content=\"https:\/\/bcnsportsfilm.org\/ca\/politica-de-tractament-de-dades-de-caracter-personal\/\" \/>\n<meta property=\"og:site_name\" content=\"BCN SPORTS FILM 2026\" \/>\n<meta property=\"article:publisher\" content=\"https:\/\/www.facebook.com\/bcnsportsfilm\" \/>\n<meta property=\"article:modified_time\" content=\"2022-12-20T10:54:14+00:00\" \/>\n<meta name=\"twitter:card\" content=\"summary_large_image\" \/>\n<meta name=\"twitter:site\" content=\"@bcnsportsfilm\" \/>\n<meta name=\"twitter:label1\" content=\"Temps estimat de lectura\" \/>\n\t<meta name=\"twitter:data1\" content=\"1 minut\" \/>\n<script type=\"application\/ld+json\" class=\"yoast-schema-graph\">{\"@context\":\"https:\/\/schema.org\",\"@graph\":[{\"@type\":\"WebPage\",\"@id\":\"https:\/\/bcnsportsfilm.org\/ca\/politica-de-tractament-de-dades-de-caracter-personal\/\",\"url\":\"https:\/\/bcnsportsfilm.org\/ca\/politica-de-tractament-de-dades-de-caracter-personal\/\",\"name\":\"Pol\u00edtica de tractament de dades de car\u00e0cter personal - BCN SPORTS FILM 2026\",\"isPartOf\":{\"@id\":\"https:\/\/bcnsportsfilm.org\/#website\"},\"datePublished\":\"2022-12-20T10:51:20+00:00\",\"dateModified\":\"2022-12-20T10:54:14+00:00\",\"breadcrumb\":{\"@id\":\"https:\/\/bcnsportsfilm.org\/ca\/politica-de-tractament-de-dades-de-caracter-personal\/#breadcrumb\"},\"inLanguage\":\"ca\",\"potentialAction\":[{\"@type\":\"ReadAction\",\"target\":[\"https:\/\/bcnsportsfilm.org\/ca\/politica-de-tractament-de-dades-de-caracter-personal\/\"]}]},{\"@type\":\"BreadcrumbList\",\"@id\":\"https:\/\/bcnsportsfilm.org\/ca\/politica-de-tractament-de-dades-de-caracter-personal\/#breadcrumb\",\"itemListElement\":[{\"@type\":\"ListItem\",\"position\":1,\"name\":\"Portada\",\"item\":\"https:\/\/bcnsportsfilm.org\/ca\/\"},{\"@type\":\"ListItem\",\"position\":2,\"name\":\"Pol\u00edtica de tractament de dades de car\u00e0cter personal\"}]},{\"@type\":\"WebSite\",\"@id\":\"https:\/\/bcnsportsfilm.org\/#website\",\"url\":\"https:\/\/bcnsportsfilm.org\/\",\"name\":\"Site title\",\"description\":\"Barcelona International Sports Film Festival\",\"publisher\":{\"@id\":\"https:\/\/bcnsportsfilm.org\/#organization\"},\"potentialAction\":[{\"@type\":\"SearchAction\",\"target\":{\"@type\":\"EntryPoint\",\"urlTemplate\":\"https:\/\/bcnsportsfilm.org\/?s={search_term_string}\"},\"query-input\":{\"@type\":\"PropertyValueSpecification\",\"valueRequired\":true,\"valueName\":\"search_term_string\"}}],\"inLanguage\":\"ca\"},{\"@type\":\"Organization\",\"@id\":\"https:\/\/bcnsportsfilm.org\/#organization\",\"name\":\"Site title\",\"url\":\"https:\/\/bcnsportsfilm.org\/\",\"logo\":{\"@type\":\"ImageObject\",\"inLanguage\":\"ca\",\"@id\":\"https:\/\/bcnsportsfilm.org\/#\/schema\/logo\/image\/\",\"url\":\"https:\/\/bcnsportsfilm.org\/wp-content\/uploads\/2022\/12\/BCNSportsFilmFestival_logo.png\",\"contentUrl\":\"https:\/\/bcnsportsfilm.org\/wp-content\/uploads\/2022\/12\/BCNSportsFilmFestival_logo.png\",\"width\":131,\"height\":43,\"caption\":\"Site title\"},\"image\":{\"@id\":\"https:\/\/bcnsportsfilm.org\/#\/schema\/logo\/image\/\"},\"sameAs\":[\"https:\/\/www.facebook.com\/bcnsportsfilm\",\"https:\/\/x.com\/bcnsportsfilm\",\"https:\/\/www.instagram.com\/fundacio_barcelona_olimpica\/\",\"https:\/\/www.youtube.com\/@fundaciobarcelonaolimpica\",\"https:\/\/www.linkedin.com\/showcase\/bcn-sports-film-festival\/\"]}]}<\/script>\n<!-- \/ Yoast SEO plugin. -->","yoast_head_json":{"title":"Pol\u00edtica de tractament de dades de car\u00e0cter personal - BCN SPORTS FILM 2026","robots":{"index":"index","follow":"follow","max-snippet":"max-snippet:-1","max-image-preview":"max-image-preview:large","max-video-preview":"max-video-preview:-1"},"canonical":"https:\/\/bcnsportsfilm.org\/ca\/politica-de-tractament-de-dades-de-caracter-personal\/","og_locale":"ca_ES","og_type":"article","og_title":"Pol\u00edtica de tractament de dades de car\u00e0cter personal - BCN SPORTS FILM 2026","og_description":"De conformitat amb all\u00f2 que disposa la Llei Org\u00e0nica de Protecci\u00f3 de Dades de Car\u00e0cter Personal (LOPDCP), les dades personals recollides seran objecte de tractament automatitzat i incorporades a un fitxer de la FUNDACI\u00d3 BARCELONA OL\u00cdMPICA, amb la finalitat de gestionar la vostra sol\u00b7licitud. Aix\u00ed mateix, la FUNDACI\u00d3 BARCELONA OL\u00cdMPICA conservar\u00e0 les vostres dades, sempre [&hellip;]","og_url":"https:\/\/bcnsportsfilm.org\/ca\/politica-de-tractament-de-dades-de-caracter-personal\/","og_site_name":"BCN SPORTS FILM 2026","article_publisher":"https:\/\/www.facebook.com\/bcnsportsfilm","article_modified_time":"2022-12-20T10:54:14+00:00","twitter_card":"summary_large_image","twitter_site":"@bcnsportsfilm","twitter_misc":{"Temps estimat de lectura":"1 minut"},"schema":{"@context":"https:\/\/schema.org","@graph":[{"@type":"WebPage","@id":"https:\/\/bcnsportsfilm.org\/ca\/politica-de-tractament-de-dades-de-caracter-personal\/","url":"https:\/\/bcnsportsfilm.org\/ca\/politica-de-tractament-de-dades-de-caracter-personal\/","name":"Pol\u00edtica de tractament de dades de car\u00e0cter personal - BCN SPORTS FILM 2026","isPartOf":{"@id":"https:\/\/bcnsportsfilm.org\/#website"},"datePublished":"2022-12-20T10:51:20+00:00","dateModified":"2022-12-20T10:54:14+00:00","breadcrumb":{"@id":"https:\/\/bcnsportsfilm.org\/ca\/politica-de-tractament-de-dades-de-caracter-personal\/#breadcrumb"},"inLanguage":"ca","potentialAction":[{"@type":"ReadAction","target":["https:\/\/bcnsportsfilm.org\/ca\/politica-de-tractament-de-dades-de-caracter-personal\/"]}]},{"@type":"BreadcrumbList","@id":"https:\/\/bcnsportsfilm.org\/ca\/politica-de-tractament-de-dades-de-caracter-personal\/#breadcrumb","itemListElement":[{"@type":"ListItem","position":1,"name":"Portada","item":"https:\/\/bcnsportsfilm.org\/ca\/"},{"@type":"ListItem","position":2,"name":"Pol\u00edtica de tractament de dades de car\u00e0cter personal"}]},{"@type":"WebSite","@id":"https:\/\/bcnsportsfilm.org\/#website","url":"https:\/\/bcnsportsfilm.org\/","name":"Site title","description":"Barcelona International Sports Film Festival","publisher":{"@id":"https:\/\/bcnsportsfilm.org\/#organization"},"potentialAction":[{"@type":"SearchAction","target":{"@type":"EntryPoint","urlTemplate":"https:\/\/bcnsportsfilm.org\/?s={search_term_string}"},"query-input":{"@type":"PropertyValueSpecification","valueRequired":true,"valueName":"search_term_string"}}],"inLanguage":"ca"},{"@type":"Organization","@id":"https:\/\/bcnsportsfilm.org\/#organization","name":"Site title","url":"https:\/\/bcnsportsfilm.org\/","logo":{"@type":"ImageObject","inLanguage":"ca","@id":"https:\/\/bcnsportsfilm.org\/#\/schema\/logo\/image\/","url":"https:\/\/bcnsportsfilm.org\/wp-content\/uploads\/2022\/12\/BCNSportsFilmFestival_logo.png","contentUrl":"https:\/\/bcnsportsfilm.org\/wp-content\/uploads\/2022\/12\/BCNSportsFilmFestival_logo.png","width":131,"height":43,"caption":"Site title"},"image":{"@id":"https:\/\/bcnsportsfilm.org\/#\/schema\/logo\/image\/"},"sameAs":["https:\/\/www.facebook.com\/bcnsportsfilm","https:\/\/x.com\/bcnsportsfilm","https:\/\/www.instagram.com\/fundacio_barcelona_olimpica\/","https:\/\/www.youtube.com\/@fundaciobarcelonaolimpica","https:\/\/www.linkedin.com\/showcase\/bcn-sports-film-festival\/"]}]}},"_links":{"self":[{"href":"https:\/\/bcnsportsfilm.org\/ca\/wp-json\/wp\/v2\/pages\/524","targetHints":{"allow":["GET"]}}],"collection":[{"href":"https:\/\/bcnsportsfilm.org\/ca\/wp-json\/wp\/v2\/pages"}],"about":[{"href":"https:\/\/bcnsportsfilm.org\/ca\/wp-json\/wp\/v2\/types\/page"}],"author":[{"embeddable":true,"href":"https:\/\/bcnsportsfilm.org\/ca\/wp-json\/wp\/v2\/users\/1"}],"replies":[{"embeddable":true,"href":"https:\/\/bcnsportsfilm.org\/ca\/wp-json\/wp\/v2\/comments?post=524"}],"version-history":[{"count":4,"href":"https:\/\/bcnsportsfilm.org\/ca\/wp-json\/wp\/v2\/pages\/524\/revisions"}],"predecessor-version":[{"id":528,"href":"https:\/\/bcnsportsfilm.org\/ca\/wp-json\/wp\/v2\/pages\/524\/revisions\/528"}],"wp:attachment":[{"href":"https:\/\/bcnsportsfilm.org\/ca\/wp-json\/wp\/v2\/media?parent=524"}],"curies":[{"name":"wp","href":"https:\/\/api.w.org\/{rel}","templated":true}]}}