{"id":18398,"date":"2023-03-06T15:48:01","date_gmt":"2023-03-06T13:48:01","guid":{"rendered":"https:\/\/fce.putput.cat\/who-we-are\/"},"modified":"2023-05-17T08:33:25","modified_gmt":"2023-05-17T06:33:25","slug":"who-we-are","status":"publish","type":"page","link":"https:\/\/bcnsportsfilm.org\/en\/who-we-are\/","title":{"rendered":"Who we are"},"content":{"rendered":"\t\t<div data-elementor-type=\"wp-page\" data-elementor-id=\"18398\" class=\"elementor elementor-18398 elementor-17131\" data-elementor-post-type=\"page\">\n\t\t\t\t\t\t<section class=\"elementor-section elementor-top-section elementor-element elementor-element-3eb8ab4 elementor-section-boxed elementor-section-height-default elementor-section-height-default qodef-elementor-content-no\" data-id=\"3eb8ab4\" data-element_type=\"section\">\n\t\t\t\t\t\t<div class=\"elementor-container elementor-column-gap-wider\">\n\t\t\t\t\t<div class=\"elementor-column elementor-col-100 elementor-top-column elementor-element elementor-element-274a2b5\" data-id=\"274a2b5\" data-element_type=\"column\">\n\t\t\t<div class=\"elementor-widget-wrap elementor-element-populated\">\n\t\t\t\t\t\t<div class=\"elementor-element elementor-element-2621d75 elementor-widget elementor-widget-heading\" data-id=\"2621d75\" data-element_type=\"widget\" data-widget_type=\"heading.default\">\n\t\t\t\t<div class=\"elementor-widget-container\">\n\t\t\t\t\t<h2 class=\"elementor-heading-title elementor-size-xxl\">Who we are (Mission Vision Objectives)\u200b<\/h2>\t\t\t\t<\/div>\n\t\t\t\t<\/div>\n\t\t\t\t\t<\/div>\n\t\t<\/div>\n\t\t\t\t\t<\/div>\n\t\t<\/section>\n\t\t\t\t<section class=\"elementor-section elementor-top-section elementor-element elementor-element-d81f85e elementor-section-boxed elementor-section-height-default elementor-section-height-default qodef-elementor-content-no\" data-id=\"d81f85e\" data-element_type=\"section\">\n\t\t\t\t\t\t<div class=\"elementor-container elementor-column-gap-default\">\n\t\t\t\t\t<div class=\"elementor-column elementor-col-100 elementor-top-column elementor-element elementor-element-f790520\" data-id=\"f790520\" data-element_type=\"column\">\n\t\t\t<div class=\"elementor-widget-wrap elementor-element-populated\">\n\t\t\t\t\t\t<div class=\"elementor-element elementor-element-9410dbc elementor-widget elementor-widget-text-editor\" data-id=\"9410dbc\" data-element_type=\"widget\" data-widget_type=\"text-editor.default\">\n\t\t\t\t<div class=\"elementor-widget-container\">\n\t\t\t\t\t\t\t\t\t<p>The BCN Sports Film is an international sports film and television festival that was born in 2010, as part of the WORLD FICHT CHALLENGE, a prestigious circuit of sports-themed festivals organized by the F\u00e9d\u00e9ration International Cin\u00e9ma et T\u00e9l\u00e9vision Sportifs.<br \/>\nThe BCN Sports Film Festival brings sports-themed audiovisuals closer to the general public and establishing links between sports professionals, film directors, specialized producers and distributors and the media.<\/p>\n<p>One of the objectives of the BCN Sports Film Festival is to teach how to enjoy and learn through sport. Our sessions are made up of international audiovisual projections, which show the various realities of the world through sport. That is why we believe it is important to bring this tool for education and awareness of values \u200b\u200bcloser to the most vulnerable sectors.<\/p>\n\t\t\t\t\t\t\t\t<\/div>\n\t\t\t\t<\/div>\n\t\t\t\t\t<\/div>\n\t\t<\/div>\n\t\t\t\t\t<\/div>\n\t\t<\/section>\n\t\t\t\t<\/div>\n\t\t","protected":false},"excerpt":{"rendered":"<p>Who we are (Mission Vision Objectives)\u200b The BCN Sports Film is an international sports film and television festival that was born in 2010, as part of the WORLD FICHT CHALLENGE, a prestigious circuit of sports-themed festivals organized by the F\u00e9d\u00e9ration International Cin\u00e9ma et T\u00e9l\u00e9vision Sportifs. The BCN Sports Film Festival brings sports-themed audiovisuals closer to [&hellip;]<\/p>\n","protected":false},"author":1,"featured_media":0,"parent":0,"menu_order":1,"comment_status":"closed","ping_status":"closed","template":"page-full-width.php","meta":{"_acf_changed":false,"footnotes":""},"class_list":["post-18398","page","type-page","status-publish","hentry"],"acf":[],"yoast_head":"<!-- This site is optimized with the Yoast SEO plugin v24.1 - https:\/\/yoast.com\/wordpress\/plugins\/seo\/ -->\n<title>Who we are - BCN SPORTS FILM 2026<\/title>\n<meta name=\"robots\" content=\"index, follow, max-snippet:-1, max-image-preview:large, max-video-preview:-1\" \/>\n<link rel=\"canonical\" href=\"https:\/\/bcnsportsfilm.org\/en\/who-we-are\/\" \/>\n<meta property=\"og:locale\" content=\"en_US\" \/>\n<meta property=\"og:type\" content=\"article\" \/>\n<meta property=\"og:title\" content=\"Who we are - BCN SPORTS FILM 2026\" \/>\n<meta property=\"og:description\" content=\"Who we are (Mission Vision Objectives)\u200b The BCN Sports Film is an international sports film and television festival that was born in 2010, as part of the WORLD FICHT CHALLENGE, a prestigious circuit of sports-themed festivals organized by the F\u00e9d\u00e9ration International Cin\u00e9ma et T\u00e9l\u00e9vision Sportifs. The BCN Sports Film Festival brings sports-themed audiovisuals closer to [&hellip;]\" \/>\n<meta property=\"og:url\" content=\"https:\/\/bcnsportsfilm.org\/en\/who-we-are\/\" \/>\n<meta property=\"og:site_name\" content=\"BCN SPORTS FILM 2026\" \/>\n<meta property=\"article:publisher\" content=\"https:\/\/www.facebook.com\/bcnsportsfilm\" \/>\n<meta property=\"article:modified_time\" content=\"2023-05-17T06:33:25+00:00\" \/>\n<meta name=\"twitter:card\" content=\"summary_large_image\" \/>\n<meta name=\"twitter:site\" content=\"@bcnsportsfilm\" \/>\n<meta name=\"twitter:label1\" content=\"Est. reading time\" \/>\n\t<meta name=\"twitter:data1\" content=\"1 minute\" \/>\n<script type=\"application\/ld+json\" class=\"yoast-schema-graph\">{\"@context\":\"https:\/\/schema.org\",\"@graph\":[{\"@type\":\"WebPage\",\"@id\":\"https:\/\/bcnsportsfilm.org\/en\/who-we-are\/\",\"url\":\"https:\/\/bcnsportsfilm.org\/en\/who-we-are\/\",\"name\":\"Who we are - BCN SPORTS FILM 2026\",\"isPartOf\":{\"@id\":\"https:\/\/bcnsportsfilm.org\/#website\"},\"datePublished\":\"2023-03-06T13:48:01+00:00\",\"dateModified\":\"2023-05-17T06:33:25+00:00\",\"breadcrumb\":{\"@id\":\"https:\/\/bcnsportsfilm.org\/en\/who-we-are\/#breadcrumb\"},\"inLanguage\":\"en-US\",\"potentialAction\":[{\"@type\":\"ReadAction\",\"target\":[\"https:\/\/bcnsportsfilm.org\/en\/who-we-are\/\"]}]},{\"@type\":\"BreadcrumbList\",\"@id\":\"https:\/\/bcnsportsfilm.org\/en\/who-we-are\/#breadcrumb\",\"itemListElement\":[{\"@type\":\"ListItem\",\"position\":1,\"name\":\"Portada\",\"item\":\"https:\/\/bcnsportsfilm.org\/\"},{\"@type\":\"ListItem\",\"position\":2,\"name\":\"Who we are\"}]},{\"@type\":\"WebSite\",\"@id\":\"https:\/\/bcnsportsfilm.org\/#website\",\"url\":\"https:\/\/bcnsportsfilm.org\/\",\"name\":\"Site title\",\"description\":\"Barcelona International Sports Film Festival\",\"publisher\":{\"@id\":\"https:\/\/bcnsportsfilm.org\/#organization\"},\"potentialAction\":[{\"@type\":\"SearchAction\",\"target\":{\"@type\":\"EntryPoint\",\"urlTemplate\":\"https:\/\/bcnsportsfilm.org\/?s={search_term_string}\"},\"query-input\":{\"@type\":\"PropertyValueSpecification\",\"valueRequired\":true,\"valueName\":\"search_term_string\"}}],\"inLanguage\":\"en-US\"},{\"@type\":\"Organization\",\"@id\":\"https:\/\/bcnsportsfilm.org\/#organization\",\"name\":\"Site title\",\"url\":\"https:\/\/bcnsportsfilm.org\/\",\"logo\":{\"@type\":\"ImageObject\",\"inLanguage\":\"en-US\",\"@id\":\"https:\/\/bcnsportsfilm.org\/#\/schema\/logo\/image\/\",\"url\":\"https:\/\/bcnsportsfilm.org\/wp-content\/uploads\/2022\/12\/BCNSportsFilmFestival_logo.png\",\"contentUrl\":\"https:\/\/bcnsportsfilm.org\/wp-content\/uploads\/2022\/12\/BCNSportsFilmFestival_logo.png\",\"width\":131,\"height\":43,\"caption\":\"Site title\"},\"image\":{\"@id\":\"https:\/\/bcnsportsfilm.org\/#\/schema\/logo\/image\/\"},\"sameAs\":[\"https:\/\/www.facebook.com\/bcnsportsfilm\",\"https:\/\/x.com\/bcnsportsfilm\",\"https:\/\/www.instagram.com\/fundacio_barcelona_olimpica\/\",\"https:\/\/www.youtube.com\/@fundaciobarcelonaolimpica\",\"https:\/\/www.linkedin.com\/showcase\/bcn-sports-film-festival\/\"]}]}<\/script>\n<!-- \/ Yoast SEO plugin. -->","yoast_head_json":{"title":"Who we are - BCN SPORTS FILM 2026","robots":{"index":"index","follow":"follow","max-snippet":"max-snippet:-1","max-image-preview":"max-image-preview:large","max-video-preview":"max-video-preview:-1"},"canonical":"https:\/\/bcnsportsfilm.org\/en\/who-we-are\/","og_locale":"en_US","og_type":"article","og_title":"Who we are - BCN SPORTS FILM 2026","og_description":"Who we are (Mission Vision Objectives)\u200b The BCN Sports Film is an international sports film and television festival that was born in 2010, as part of the WORLD FICHT CHALLENGE, a prestigious circuit of sports-themed festivals organized by the F\u00e9d\u00e9ration International Cin\u00e9ma et T\u00e9l\u00e9vision Sportifs. The BCN Sports Film Festival brings sports-themed audiovisuals closer to [&hellip;]","og_url":"https:\/\/bcnsportsfilm.org\/en\/who-we-are\/","og_site_name":"BCN SPORTS FILM 2026","article_publisher":"https:\/\/www.facebook.com\/bcnsportsfilm","article_modified_time":"2023-05-17T06:33:25+00:00","twitter_card":"summary_large_image","twitter_site":"@bcnsportsfilm","twitter_misc":{"Est. reading time":"1 minute"},"schema":{"@context":"https:\/\/schema.org","@graph":[{"@type":"WebPage","@id":"https:\/\/bcnsportsfilm.org\/en\/who-we-are\/","url":"https:\/\/bcnsportsfilm.org\/en\/who-we-are\/","name":"Who we are - BCN SPORTS FILM 2026","isPartOf":{"@id":"https:\/\/bcnsportsfilm.org\/#website"},"datePublished":"2023-03-06T13:48:01+00:00","dateModified":"2023-05-17T06:33:25+00:00","breadcrumb":{"@id":"https:\/\/bcnsportsfilm.org\/en\/who-we-are\/#breadcrumb"},"inLanguage":"en-US","potentialAction":[{"@type":"ReadAction","target":["https:\/\/bcnsportsfilm.org\/en\/who-we-are\/"]}]},{"@type":"BreadcrumbList","@id":"https:\/\/bcnsportsfilm.org\/en\/who-we-are\/#breadcrumb","itemListElement":[{"@type":"ListItem","position":1,"name":"Portada","item":"https:\/\/bcnsportsfilm.org\/"},{"@type":"ListItem","position":2,"name":"Who we are"}]},{"@type":"WebSite","@id":"https:\/\/bcnsportsfilm.org\/#website","url":"https:\/\/bcnsportsfilm.org\/","name":"Site title","description":"Barcelona International Sports Film Festival","publisher":{"@id":"https:\/\/bcnsportsfilm.org\/#organization"},"potentialAction":[{"@type":"SearchAction","target":{"@type":"EntryPoint","urlTemplate":"https:\/\/bcnsportsfilm.org\/?s={search_term_string}"},"query-input":{"@type":"PropertyValueSpecification","valueRequired":true,"valueName":"search_term_string"}}],"inLanguage":"en-US"},{"@type":"Organization","@id":"https:\/\/bcnsportsfilm.org\/#organization","name":"Site title","url":"https:\/\/bcnsportsfilm.org\/","logo":{"@type":"ImageObject","inLanguage":"en-US","@id":"https:\/\/bcnsportsfilm.org\/#\/schema\/logo\/image\/","url":"https:\/\/bcnsportsfilm.org\/wp-content\/uploads\/2022\/12\/BCNSportsFilmFestival_logo.png","contentUrl":"https:\/\/bcnsportsfilm.org\/wp-content\/uploads\/2022\/12\/BCNSportsFilmFestival_logo.png","width":131,"height":43,"caption":"Site title"},"image":{"@id":"https:\/\/bcnsportsfilm.org\/#\/schema\/logo\/image\/"},"sameAs":["https:\/\/www.facebook.com\/bcnsportsfilm","https:\/\/x.com\/bcnsportsfilm","https:\/\/www.instagram.com\/fundacio_barcelona_olimpica\/","https:\/\/www.youtube.com\/@fundaciobarcelonaolimpica","https:\/\/www.linkedin.com\/showcase\/bcn-sports-film-festival\/"]}]}},"_links":{"self":[{"href":"https:\/\/bcnsportsfilm.org\/en\/wp-json\/wp\/v2\/pages\/18398","targetHints":{"allow":["GET"]}}],"collection":[{"href":"https:\/\/bcnsportsfilm.org\/en\/wp-json\/wp\/v2\/pages"}],"about":[{"href":"https:\/\/bcnsportsfilm.org\/en\/wp-json\/wp\/v2\/types\/page"}],"author":[{"embeddable":true,"href":"https:\/\/bcnsportsfilm.org\/en\/wp-json\/wp\/v2\/users\/1"}],"replies":[{"embeddable":true,"href":"https:\/\/bcnsportsfilm.org\/en\/wp-json\/wp\/v2\/comments?post=18398"}],"version-history":[{"count":2,"href":"https:\/\/bcnsportsfilm.org\/en\/wp-json\/wp\/v2\/pages\/18398\/revisions"}],"predecessor-version":[{"id":19444,"href":"https:\/\/bcnsportsfilm.org\/en\/wp-json\/wp\/v2\/pages\/18398\/revisions\/19444"}],"wp:attachment":[{"href":"https:\/\/bcnsportsfilm.org\/en\/wp-json\/wp\/v2\/media?parent=18398"}],"curies":[{"name":"wp","href":"https:\/\/api.w.org\/{rel}","templated":true}]}}