{"id":19522,"date":"2022-12-20T12:51:20","date_gmt":"2022-12-20T10:51:20","guid":{"rendered":"https:\/\/bcnsportsfilm.org\/personal-data-processing-policy\/"},"modified":"2023-05-18T14:51:39","modified_gmt":"2023-05-18T12:51:39","slug":"personal-data-processing-policy","status":"publish","type":"page","link":"https:\/\/bcnsportsfilm.org\/en\/personal-data-processing-policy\/","title":{"rendered":"Personal data processing policy"},"content":{"rendered":"\t\t<div data-elementor-type=\"wp-page\" data-elementor-id=\"19522\" class=\"elementor elementor-19522 elementor-524\" data-elementor-post-type=\"page\">\n\t\t\t\t\t\t<section class=\"elementor-section elementor-top-section elementor-element elementor-element-5dccd6a elementor-section-boxed elementor-section-height-default elementor-section-height-default qodef-elementor-content-no\" data-id=\"5dccd6a\" data-element_type=\"section\">\n\t\t\t\t\t\t<div class=\"elementor-container elementor-column-gap-wider\">\n\t\t\t\t\t<div class=\"elementor-column elementor-col-100 elementor-top-column elementor-element elementor-element-92b07df\" data-id=\"92b07df\" data-element_type=\"column\">\n\t\t\t<div class=\"elementor-widget-wrap elementor-element-populated\">\n\t\t\t\t\t\t<div class=\"elementor-element elementor-element-bc1627b elementor-widget elementor-widget-heading\" data-id=\"bc1627b\" data-element_type=\"widget\" data-widget_type=\"heading.default\">\n\t\t\t\t<div class=\"elementor-widget-container\">\n\t\t\t\t\t<h2 class=\"elementor-heading-title elementor-size-large\">Personal data processing policy<\/h2>\t\t\t\t<\/div>\n\t\t\t\t<\/div>\n\t\t\t\t<section class=\"elementor-section elementor-inner-section elementor-element elementor-element-35b683e elementor-section-full_width elementor-section-height-default elementor-section-height-default qodef-elementor-content-no\" data-id=\"35b683e\" data-element_type=\"section\">\n\t\t\t\t\t\t<div class=\"elementor-container elementor-column-gap-no\">\n\t\t\t\t\t<div class=\"elementor-column elementor-col-100 elementor-inner-column elementor-element elementor-element-33c1ae0\" data-id=\"33c1ae0\" data-element_type=\"column\">\n\t\t\t<div class=\"elementor-widget-wrap elementor-element-populated\">\n\t\t\t\t\t\t<div class=\"elementor-element elementor-element-a9f6e4c elementor-widget elementor-widget-text-editor\" data-id=\"a9f6e4c\" data-element_type=\"widget\" data-widget_type=\"text-editor.default\">\n\t\t\t\t<div class=\"elementor-widget-container\">\n\t\t\t\t\t\t\t\t\t<p>In accordance with the provisions of the Organic Law on the Protection of Personal Data (LOPDCP), the personal data collected will be subject to automated processing and incorporated into a file of the FUNDACI\u00d3 BARCELONA OL\u00cdMPICA, in order to manage your request Likewise, the FUNDACI\u00d3 BARCELONA OL\u00cdMPICA will keep your data, always with your consent, in order to send you, in the future, information about the acts and activities of the FUNDACI\u00d3 BARCELONA OL\u00cdMPICA. By providing us with your email address, you expressly consent to the information being sent to you via this means. In compliance with what is established in the LOPDCP, you can exercise your rights of opposition, access, rectification and cancellation of your personal data by writing to the FUNDACI\u00d3 BARCELONA OL\u00cdMPICA, with address at Avinguda de l&#8217;Estadi , number 60, of Barcelona and CP 08038, and with NIF G-60309655. In the same way, you can revoke at any time your consent to receive communications by electronic means through a link that you will find in the same newsletter or by sending an email to the address: <a href=\" mailto:communication@bcnsportsfilm.org\">communication@bcnsportsfilm.org<\/a><\/p>\n\t\t\t\t\t\t\t\t<\/div>\n\t\t\t\t<\/div>\n\t\t\t\t<div class=\"elementor-element elementor-element-478a76b elementor-widget elementor-widget-button\" data-id=\"478a76b\" data-element_type=\"widget\" data-widget_type=\"button.default\">\n\t\t\t\t<div class=\"elementor-widget-container\">\n\t\t\t\t\t\t\t\t\t<div class=\"elementor-button-wrapper\">\n\t\t\t\t\t<a class=\"elementor-button elementor-button-link elementor-size-sm\" href=\"https:\/\/bcnsportsfilm.org\/ca\/politica-de-privacitat-i-proteccio-de-dades\/\">\n\t\t\t\t\t\t<span class=\"elementor-button-content-wrapper\">\n\t\t\t\t\t\t\t\t\t<span class=\"elementor-button-text\">Privacy policy and data protection<\/span>\n\t\t\t\t\t<\/span>\n\t\t\t\t\t<\/a>\n\t\t\t\t<\/div>\n\t\t\t\t\t\t\t\t<\/div>\n\t\t\t\t<\/div>\n\t\t\t\t\t<\/div>\n\t\t<\/div>\n\t\t\t\t\t<\/div>\n\t\t<\/section>\n\t\t\t\t\t<\/div>\n\t\t<\/div>\n\t\t\t\t\t<\/div>\n\t\t<\/section>\n\t\t\t\t<\/div>\n\t\t","protected":false},"excerpt":{"rendered":"<p>In accordance with the provisions of the Organic Law on the Protection of Personal Data (LOPDCP), the personal data collected will be subject to automated processing and incorporated into a file of the FUNDACI\u00d3 BARCELONA OL\u00cdMPICA, in order to manage your request Likewise, the FUNDACI\u00d3 BARCELONA OL\u00cdMPICA will keep your data, always with your consent, [&hellip;]<\/p>\n","protected":false},"author":1,"featured_media":0,"parent":0,"menu_order":92,"comment_status":"closed","ping_status":"closed","template":"","meta":{"_acf_changed":false,"footnotes":""},"class_list":["post-19522","page","type-page","status-publish","hentry"],"acf":[],"yoast_head":"<!-- This site is optimized with the Yoast SEO plugin v24.1 - https:\/\/yoast.com\/wordpress\/plugins\/seo\/ -->\n<title>Personal data processing policy - BCN SPORTS FILM 2026<\/title>\n<meta name=\"robots\" content=\"index, follow, max-snippet:-1, max-image-preview:large, max-video-preview:-1\" \/>\n<link rel=\"canonical\" href=\"https:\/\/bcnsportsfilm.org\/en\/personal-data-processing-policy\/\" \/>\n<meta property=\"og:locale\" content=\"en_US\" \/>\n<meta property=\"og:type\" content=\"article\" \/>\n<meta property=\"og:title\" content=\"Personal data processing policy - BCN SPORTS FILM 2026\" \/>\n<meta property=\"og:description\" content=\"In accordance with the provisions of the Organic Law on the Protection of Personal Data (LOPDCP), the personal data collected will be subject to automated processing and incorporated into a file of the FUNDACI\u00d3 BARCELONA OL\u00cdMPICA, in order to manage your request Likewise, the FUNDACI\u00d3 BARCELONA OL\u00cdMPICA will keep your data, always with your consent, [&hellip;]\" \/>\n<meta property=\"og:url\" content=\"https:\/\/bcnsportsfilm.org\/en\/personal-data-processing-policy\/\" \/>\n<meta property=\"og:site_name\" content=\"BCN SPORTS FILM 2026\" \/>\n<meta property=\"article:publisher\" content=\"https:\/\/www.facebook.com\/bcnsportsfilm\" \/>\n<meta property=\"article:modified_time\" content=\"2023-05-18T12:51:39+00:00\" \/>\n<meta name=\"twitter:card\" content=\"summary_large_image\" \/>\n<meta name=\"twitter:site\" content=\"@bcnsportsfilm\" \/>\n<meta name=\"twitter:label1\" content=\"Est. reading time\" \/>\n\t<meta name=\"twitter:data1\" content=\"1 minute\" \/>\n<script type=\"application\/ld+json\" class=\"yoast-schema-graph\">{\"@context\":\"https:\/\/schema.org\",\"@graph\":[{\"@type\":\"WebPage\",\"@id\":\"https:\/\/bcnsportsfilm.org\/en\/personal-data-processing-policy\/\",\"url\":\"https:\/\/bcnsportsfilm.org\/en\/personal-data-processing-policy\/\",\"name\":\"Personal data processing policy - BCN SPORTS FILM 2026\",\"isPartOf\":{\"@id\":\"https:\/\/bcnsportsfilm.org\/#website\"},\"datePublished\":\"2022-12-20T10:51:20+00:00\",\"dateModified\":\"2023-05-18T12:51:39+00:00\",\"breadcrumb\":{\"@id\":\"https:\/\/bcnsportsfilm.org\/en\/personal-data-processing-policy\/#breadcrumb\"},\"inLanguage\":\"en-US\",\"potentialAction\":[{\"@type\":\"ReadAction\",\"target\":[\"https:\/\/bcnsportsfilm.org\/en\/personal-data-processing-policy\/\"]}]},{\"@type\":\"BreadcrumbList\",\"@id\":\"https:\/\/bcnsportsfilm.org\/en\/personal-data-processing-policy\/#breadcrumb\",\"itemListElement\":[{\"@type\":\"ListItem\",\"position\":1,\"name\":\"Portada\",\"item\":\"https:\/\/bcnsportsfilm.org\/\"},{\"@type\":\"ListItem\",\"position\":2,\"name\":\"Personal data processing policy\"}]},{\"@type\":\"WebSite\",\"@id\":\"https:\/\/bcnsportsfilm.org\/#website\",\"url\":\"https:\/\/bcnsportsfilm.org\/\",\"name\":\"Site title\",\"description\":\"Barcelona International Sports Film Festival\",\"publisher\":{\"@id\":\"https:\/\/bcnsportsfilm.org\/#organization\"},\"potentialAction\":[{\"@type\":\"SearchAction\",\"target\":{\"@type\":\"EntryPoint\",\"urlTemplate\":\"https:\/\/bcnsportsfilm.org\/?s={search_term_string}\"},\"query-input\":{\"@type\":\"PropertyValueSpecification\",\"valueRequired\":true,\"valueName\":\"search_term_string\"}}],\"inLanguage\":\"en-US\"},{\"@type\":\"Organization\",\"@id\":\"https:\/\/bcnsportsfilm.org\/#organization\",\"name\":\"Site title\",\"url\":\"https:\/\/bcnsportsfilm.org\/\",\"logo\":{\"@type\":\"ImageObject\",\"inLanguage\":\"en-US\",\"@id\":\"https:\/\/bcnsportsfilm.org\/#\/schema\/logo\/image\/\",\"url\":\"https:\/\/bcnsportsfilm.org\/wp-content\/uploads\/2022\/12\/BCNSportsFilmFestival_logo.png\",\"contentUrl\":\"https:\/\/bcnsportsfilm.org\/wp-content\/uploads\/2022\/12\/BCNSportsFilmFestival_logo.png\",\"width\":131,\"height\":43,\"caption\":\"Site title\"},\"image\":{\"@id\":\"https:\/\/bcnsportsfilm.org\/#\/schema\/logo\/image\/\"},\"sameAs\":[\"https:\/\/www.facebook.com\/bcnsportsfilm\",\"https:\/\/x.com\/bcnsportsfilm\",\"https:\/\/www.instagram.com\/fundacio_barcelona_olimpica\/\",\"https:\/\/www.youtube.com\/@fundaciobarcelonaolimpica\",\"https:\/\/www.linkedin.com\/showcase\/bcn-sports-film-festival\/\"]}]}<\/script>\n<!-- \/ Yoast SEO plugin. -->","yoast_head_json":{"title":"Personal data processing policy - BCN SPORTS FILM 2026","robots":{"index":"index","follow":"follow","max-snippet":"max-snippet:-1","max-image-preview":"max-image-preview:large","max-video-preview":"max-video-preview:-1"},"canonical":"https:\/\/bcnsportsfilm.org\/en\/personal-data-processing-policy\/","og_locale":"en_US","og_type":"article","og_title":"Personal data processing policy - BCN SPORTS FILM 2026","og_description":"In accordance with the provisions of the Organic Law on the Protection of Personal Data (LOPDCP), the personal data collected will be subject to automated processing and incorporated into a file of the FUNDACI\u00d3 BARCELONA OL\u00cdMPICA, in order to manage your request Likewise, the FUNDACI\u00d3 BARCELONA OL\u00cdMPICA will keep your data, always with your consent, [&hellip;]","og_url":"https:\/\/bcnsportsfilm.org\/en\/personal-data-processing-policy\/","og_site_name":"BCN SPORTS FILM 2026","article_publisher":"https:\/\/www.facebook.com\/bcnsportsfilm","article_modified_time":"2023-05-18T12:51:39+00:00","twitter_card":"summary_large_image","twitter_site":"@bcnsportsfilm","twitter_misc":{"Est. reading time":"1 minute"},"schema":{"@context":"https:\/\/schema.org","@graph":[{"@type":"WebPage","@id":"https:\/\/bcnsportsfilm.org\/en\/personal-data-processing-policy\/","url":"https:\/\/bcnsportsfilm.org\/en\/personal-data-processing-policy\/","name":"Personal data processing policy - BCN SPORTS FILM 2026","isPartOf":{"@id":"https:\/\/bcnsportsfilm.org\/#website"},"datePublished":"2022-12-20T10:51:20+00:00","dateModified":"2023-05-18T12:51:39+00:00","breadcrumb":{"@id":"https:\/\/bcnsportsfilm.org\/en\/personal-data-processing-policy\/#breadcrumb"},"inLanguage":"en-US","potentialAction":[{"@type":"ReadAction","target":["https:\/\/bcnsportsfilm.org\/en\/personal-data-processing-policy\/"]}]},{"@type":"BreadcrumbList","@id":"https:\/\/bcnsportsfilm.org\/en\/personal-data-processing-policy\/#breadcrumb","itemListElement":[{"@type":"ListItem","position":1,"name":"Portada","item":"https:\/\/bcnsportsfilm.org\/"},{"@type":"ListItem","position":2,"name":"Personal data processing policy"}]},{"@type":"WebSite","@id":"https:\/\/bcnsportsfilm.org\/#website","url":"https:\/\/bcnsportsfilm.org\/","name":"Site title","description":"Barcelona International Sports Film Festival","publisher":{"@id":"https:\/\/bcnsportsfilm.org\/#organization"},"potentialAction":[{"@type":"SearchAction","target":{"@type":"EntryPoint","urlTemplate":"https:\/\/bcnsportsfilm.org\/?s={search_term_string}"},"query-input":{"@type":"PropertyValueSpecification","valueRequired":true,"valueName":"search_term_string"}}],"inLanguage":"en-US"},{"@type":"Organization","@id":"https:\/\/bcnsportsfilm.org\/#organization","name":"Site title","url":"https:\/\/bcnsportsfilm.org\/","logo":{"@type":"ImageObject","inLanguage":"en-US","@id":"https:\/\/bcnsportsfilm.org\/#\/schema\/logo\/image\/","url":"https:\/\/bcnsportsfilm.org\/wp-content\/uploads\/2022\/12\/BCNSportsFilmFestival_logo.png","contentUrl":"https:\/\/bcnsportsfilm.org\/wp-content\/uploads\/2022\/12\/BCNSportsFilmFestival_logo.png","width":131,"height":43,"caption":"Site title"},"image":{"@id":"https:\/\/bcnsportsfilm.org\/#\/schema\/logo\/image\/"},"sameAs":["https:\/\/www.facebook.com\/bcnsportsfilm","https:\/\/x.com\/bcnsportsfilm","https:\/\/www.instagram.com\/fundacio_barcelona_olimpica\/","https:\/\/www.youtube.com\/@fundaciobarcelonaolimpica","https:\/\/www.linkedin.com\/showcase\/bcn-sports-film-festival\/"]}]}},"_links":{"self":[{"href":"https:\/\/bcnsportsfilm.org\/en\/wp-json\/wp\/v2\/pages\/19522","targetHints":{"allow":["GET"]}}],"collection":[{"href":"https:\/\/bcnsportsfilm.org\/en\/wp-json\/wp\/v2\/pages"}],"about":[{"href":"https:\/\/bcnsportsfilm.org\/en\/wp-json\/wp\/v2\/types\/page"}],"author":[{"embeddable":true,"href":"https:\/\/bcnsportsfilm.org\/en\/wp-json\/wp\/v2\/users\/1"}],"replies":[{"embeddable":true,"href":"https:\/\/bcnsportsfilm.org\/en\/wp-json\/wp\/v2\/comments?post=19522"}],"version-history":[{"count":1,"href":"https:\/\/bcnsportsfilm.org\/en\/wp-json\/wp\/v2\/pages\/19522\/revisions"}],"predecessor-version":[{"id":19523,"href":"https:\/\/bcnsportsfilm.org\/en\/wp-json\/wp\/v2\/pages\/19522\/revisions\/19523"}],"wp:attachment":[{"href":"https:\/\/bcnsportsfilm.org\/en\/wp-json\/wp\/v2\/media?parent=19522"}],"curies":[{"name":"wp","href":"https:\/\/api.w.org\/{rel}","templated":true}]}}